{"id":66,"date":"2017-03-09T11:47:19","date_gmt":"2017-03-09T11:47:19","guid":{"rendered":"http:\/\/localhost\/tron\/?page_id=66"},"modified":"2017-03-10T17:37:09","modified_gmt":"2017-03-10T17:37:09","slug":"szoftver-bevezetes","status":"publish","type":"page","link":"https:\/\/tron.hu\/index.php\/szoftver-bevezetes\/","title":{"rendered":"Szoftver bevezet\u00e9s"},"content":{"rendered":"","protected":false},"excerpt":{"rendered":"","protected":false},"author":1,"featured_media":258,"parent":0,"menu_order":0,"comment_status":"closed","ping_status":"closed","template":"","meta":{"footnotes":""},"yoast_head":"<!-- This site is optimized with the Yoast SEO plugin v22.4 - https:\/\/yoast.com\/wordpress\/plugins\/seo\/ -->\n<title>Szoftver bevezet\u00e9s - TRON Integr\u00e1lt V\u00e1llalatir\u00e1ny\u00edt\u00e1si Rendszer<\/title>\n<meta name=\"robots\" content=\"index, follow, max-snippet:-1, max-image-preview:large, max-video-preview:-1\" \/>\n<link rel=\"canonical\" href=\"https:\/\/tron.hu\/index.php\/szoftver-bevezetes\/\" \/>\n<meta property=\"og:locale\" content=\"hu_HU\" \/>\n<meta property=\"og:type\" content=\"article\" \/>\n<meta property=\"og:title\" content=\"Szoftver bevezet\u00e9s - TRON Integr\u00e1lt V\u00e1llalatir\u00e1ny\u00edt\u00e1si Rendszer\" \/>\n<meta property=\"og:url\" content=\"https:\/\/tron.hu\/index.php\/szoftver-bevezetes\/\" \/>\n<meta property=\"og:site_name\" content=\"TRON Integr\u00e1lt V\u00e1llalatir\u00e1ny\u00edt\u00e1si Rendszer\" \/>\n<meta property=\"article:modified_time\" content=\"2017-03-10T17:37:09+00:00\" \/>\n<meta property=\"og:image\" content=\"https:\/\/tron.hu\/wp-content\/uploads\/2017\/03\/Implementation.png\" \/>\n\t<meta property=\"og:image:width\" content=\"980\" \/>\n\t<meta property=\"og:image:height\" content=\"379\" \/>\n\t<meta property=\"og:image:type\" content=\"image\/png\" \/>\n<meta name=\"twitter:card\" content=\"summary_large_image\" \/>\n<script type=\"application\/ld+json\" class=\"yoast-schema-graph\">{\"@context\":\"https:\/\/schema.org\",\"@graph\":[{\"@type\":\"WebPage\",\"@id\":\"https:\/\/tron.hu\/index.php\/szoftver-bevezetes\/\",\"url\":\"https:\/\/tron.hu\/index.php\/szoftver-bevezetes\/\",\"name\":\"Szoftver bevezet\u00e9s - TRON Integr\u00e1lt V\u00e1llalatir\u00e1ny\u00edt\u00e1si Rendszer\",\"isPartOf\":{\"@id\":\"https:\/\/tron.hu\/#website\"},\"primaryImageOfPage\":{\"@id\":\"https:\/\/tron.hu\/index.php\/szoftver-bevezetes\/#primaryimage\"},\"image\":{\"@id\":\"https:\/\/tron.hu\/index.php\/szoftver-bevezetes\/#primaryimage\"},\"thumbnailUrl\":\"https:\/\/tron.hu\/wp-content\/uploads\/2017\/03\/Implementation.png\",\"datePublished\":\"2017-03-09T11:47:19+00:00\",\"dateModified\":\"2017-03-10T17:37:09+00:00\",\"breadcrumb\":{\"@id\":\"https:\/\/tron.hu\/index.php\/szoftver-bevezetes\/#breadcrumb\"},\"inLanguage\":\"hu\",\"potentialAction\":[{\"@type\":\"ReadAction\",\"target\":[\"https:\/\/tron.hu\/index.php\/szoftver-bevezetes\/\"]}]},{\"@type\":\"ImageObject\",\"inLanguage\":\"hu\",\"@id\":\"https:\/\/tron.hu\/index.php\/szoftver-bevezetes\/#primaryimage\",\"url\":\"https:\/\/tron.hu\/wp-content\/uploads\/2017\/03\/Implementation.png\",\"contentUrl\":\"https:\/\/tron.hu\/wp-content\/uploads\/2017\/03\/Implementation.png\",\"width\":980,\"height\":379},{\"@type\":\"BreadcrumbList\",\"@id\":\"https:\/\/tron.hu\/index.php\/szoftver-bevezetes\/#breadcrumb\",\"itemListElement\":[{\"@type\":\"ListItem\",\"position\":1,\"name\":\"Home\",\"item\":\"https:\/\/tron.hu\/\"},{\"@type\":\"ListItem\",\"position\":2,\"name\":\"Szoftver bevezet\u00e9s\"}]},{\"@type\":\"WebSite\",\"@id\":\"https:\/\/tron.hu\/#website\",\"url\":\"https:\/\/tron.hu\/\",\"name\":\"TRON Integr\u00e1lt V\u00e1llalatir\u00e1ny\u00edt\u00e1si Rendszer\",\"description\":\"Inform\u00e1ci\u00f3, ir\u00e1ny\u00edt\u00e1s, ellen\u0151rz\u00e9s!\",\"potentialAction\":[{\"@type\":\"SearchAction\",\"target\":{\"@type\":\"EntryPoint\",\"urlTemplate\":\"https:\/\/tron.hu\/?s={search_term_string}\"},\"query-input\":\"required name=search_term_string\"}],\"inLanguage\":\"hu\"}]}<\/script>\n<!-- \/ Yoast SEO plugin. -->","yoast_head_json":{"title":"Szoftver bevezet\u00e9s - TRON Integr\u00e1lt V\u00e1llalatir\u00e1ny\u00edt\u00e1si Rendszer","robots":{"index":"index","follow":"follow","max-snippet":"max-snippet:-1","max-image-preview":"max-image-preview:large","max-video-preview":"max-video-preview:-1"},"canonical":"https:\/\/tron.hu\/index.php\/szoftver-bevezetes\/","og_locale":"hu_HU","og_type":"article","og_title":"Szoftver bevezet\u00e9s - TRON Integr\u00e1lt V\u00e1llalatir\u00e1ny\u00edt\u00e1si Rendszer","og_url":"https:\/\/tron.hu\/index.php\/szoftver-bevezetes\/","og_site_name":"TRON Integr\u00e1lt V\u00e1llalatir\u00e1ny\u00edt\u00e1si Rendszer","article_modified_time":"2017-03-10T17:37:09+00:00","og_image":[{"width":980,"height":379,"url":"https:\/\/tron.hu\/wp-content\/uploads\/2017\/03\/Implementation.png","type":"image\/png"}],"twitter_card":"summary_large_image","schema":{"@context":"https:\/\/schema.org","@graph":[{"@type":"WebPage","@id":"https:\/\/tron.hu\/index.php\/szoftver-bevezetes\/","url":"https:\/\/tron.hu\/index.php\/szoftver-bevezetes\/","name":"Szoftver bevezet\u00e9s - TRON Integr\u00e1lt V\u00e1llalatir\u00e1ny\u00edt\u00e1si Rendszer","isPartOf":{"@id":"https:\/\/tron.hu\/#website"},"primaryImageOfPage":{"@id":"https:\/\/tron.hu\/index.php\/szoftver-bevezetes\/#primaryimage"},"image":{"@id":"https:\/\/tron.hu\/index.php\/szoftver-bevezetes\/#primaryimage"},"thumbnailUrl":"https:\/\/tron.hu\/wp-content\/uploads\/2017\/03\/Implementation.png","datePublished":"2017-03-09T11:47:19+00:00","dateModified":"2017-03-10T17:37:09+00:00","breadcrumb":{"@id":"https:\/\/tron.hu\/index.php\/szoftver-bevezetes\/#breadcrumb"},"inLanguage":"hu","potentialAction":[{"@type":"ReadAction","target":["https:\/\/tron.hu\/index.php\/szoftver-bevezetes\/"]}]},{"@type":"ImageObject","inLanguage":"hu","@id":"https:\/\/tron.hu\/index.php\/szoftver-bevezetes\/#primaryimage","url":"https:\/\/tron.hu\/wp-content\/uploads\/2017\/03\/Implementation.png","contentUrl":"https:\/\/tron.hu\/wp-content\/uploads\/2017\/03\/Implementation.png","width":980,"height":379},{"@type":"BreadcrumbList","@id":"https:\/\/tron.hu\/index.php\/szoftver-bevezetes\/#breadcrumb","itemListElement":[{"@type":"ListItem","position":1,"name":"Home","item":"https:\/\/tron.hu\/"},{"@type":"ListItem","position":2,"name":"Szoftver bevezet\u00e9s"}]},{"@type":"WebSite","@id":"https:\/\/tron.hu\/#website","url":"https:\/\/tron.hu\/","name":"TRON Integr\u00e1lt V\u00e1llalatir\u00e1ny\u00edt\u00e1si Rendszer","description":"Inform\u00e1ci\u00f3, ir\u00e1ny\u00edt\u00e1s, ellen\u0151rz\u00e9s!","potentialAction":[{"@type":"SearchAction","target":{"@type":"EntryPoint","urlTemplate":"https:\/\/tron.hu\/?s={search_term_string}"},"query-input":"required name=search_term_string"}],"inLanguage":"hu"}]}},"post_mailing_queue_ids":[],"_links":{"self":[{"href":"https:\/\/tron.hu\/index.php\/wp-json\/wp\/v2\/pages\/66"}],"collection":[{"href":"https:\/\/tron.hu\/index.php\/wp-json\/wp\/v2\/pages"}],"about":[{"href":"https:\/\/tron.hu\/index.php\/wp-json\/wp\/v2\/types\/page"}],"author":[{"embeddable":true,"href":"https:\/\/tron.hu\/index.php\/wp-json\/wp\/v2\/users\/1"}],"replies":[{"embeddable":true,"href":"https:\/\/tron.hu\/index.php\/wp-json\/wp\/v2\/comments?post=66"}],"version-history":[{"count":1,"href":"https:\/\/tron.hu\/index.php\/wp-json\/wp\/v2\/pages\/66\/revisions"}],"predecessor-version":[{"id":67,"href":"https:\/\/tron.hu\/index.php\/wp-json\/wp\/v2\/pages\/66\/revisions\/67"}],"wp:featuredmedia":[{"embeddable":true,"href":"https:\/\/tron.hu\/index.php\/wp-json\/wp\/v2\/media\/258"}],"wp:attachment":[{"href":"https:\/\/tron.hu\/index.php\/wp-json\/wp\/v2\/media?parent=66"}],"curies":[{"name":"wp","href":"https:\/\/api.w.org\/{rel}","templated":true}]}}