{"id":409,"date":"2018-01-23T17:19:47","date_gmt":"2018-01-23T17:19:47","guid":{"rendered":"http:\/\/integraltvallalatiranyitasirendszert.akarsz.hu\/?page_id=409"},"modified":"2018-04-02T14:43:16","modified_gmt":"2018-04-02T14:43:16","slug":"bizonylat-menedzsment","status":"publish","type":"page","link":"https:\/\/tron.hu\/index.php\/bizonylat-menedzsment\/","title":{"rendered":"Bizonylat menedzsment"},"content":{"rendered":"<p>A <strong>TRON IVR<\/strong> egy olyan folyamat ir\u00e1ny\u00edt\u00e1si \u00e9s ellen\u0151rz\u00e9si funkci\u00f3kkal kieg\u00e9sz\u00edtett bizonylat menedzsment rendszer, amely a v\u00e1llalat gazdas\u00e1gi esem\u00e9nyeit az esem\u00e9nyekhez rendelt egyedi m\u00e9gis egys\u00e9gesen kezelhet\u0151 bizonylatok seg\u00edts\u00e9g\u00e9vel kezeli, t\u00e1rolja.<\/p>\n<h3 style=\"text-align: center;\">Mi\u00e9rt pont bizonylat menedzsment?<\/h3>\n<p>A <strong>TRON IVR<\/strong> \u00e1ltal kezelt bizonylatok egys\u00e9ges szerkezet\u0171ek, tulajdons\u00e1gaik hierarchikusak \u00e9s mind az egyes bizonylatok szerkezete, tulajdons\u00e1gaik, mind maguk a bizonylatok egyszer\u0171en m\u00f3dos\u00edthat\u00f3ak, kieg\u00e9sz\u00edthet\u0151ek, de ak\u00e1r teljesen \u00faj bizonylatok is k\u00f6nnyed\u00e9n beilleszthet\u0151k az egyes v\u00e1llalati folyamatokba. Ennek k\u00f6sz\u00f6nhet\u0151en a v\u00e1llalati folyamatok k\u00f6nnyed\u00e9n, egys\u00e9ges form\u00e1ban \u00edrhat\u00f3k, ez \u00e1ltal az \u00edgy fel\u00e9p\u00edtett rendszer \u00e1tl\u00e1that\u00f3bb, haszn\u00e1lat\u00e1nak elsaj\u00e1t\u00edt\u00e1sa k\u00f6nny\u0171, ellen\u0151rz\u00e9se egyszer\u0171bb, \u00edgy \u00fczemeltet\u00e9si is olcs\u00f3bb.<\/p>\n","protected":false},"excerpt":{"rendered":"<p>A TRON IVR egy olyan folyamat ir\u00e1ny\u00edt\u00e1si \u00e9s ellen\u0151rz\u00e9si funkci\u00f3kkal kieg\u00e9sz\u00edtett bizonylat menedzsment rendszer, amely a v\u00e1llalat gazdas\u00e1gi esem\u00e9nyeit az esem\u00e9nyekhez rendelt egyedi m\u00e9gis egys\u00e9gesen kezelhet\u0151 bizonylatok seg\u00edts\u00e9g\u00e9vel kezeli, t\u00e1rolja. Mi\u00e9rt pont bizonylat menedzsment? A TRON IVR \u00e1ltal kezelt bizonylatok egys\u00e9ges szerkezet\u0171ek, tulajdons\u00e1gaik hierarchikusak \u00e9s mind az egyes bizonylatok szerkezete, tulajdons\u00e1gaik, mind maguk a bizonylatok [&hellip;]<\/p>\n","protected":false},"author":1,"featured_media":408,"parent":0,"menu_order":0,"comment_status":"closed","ping_status":"closed","template":"","meta":{"footnotes":""},"yoast_head":"<!-- This site is optimized with the Yoast SEO plugin v22.4 - https:\/\/yoast.com\/wordpress\/plugins\/seo\/ -->\n<title>Bizonylat menedzsment - TRON Integr\u00e1lt V\u00e1llalatir\u00e1ny\u00edt\u00e1si Rendszer<\/title>\n<meta name=\"description\" content=\"A TRON IVR-ben bizonylat menedzsment seg\u00edti a felhaszn\u00e1l\u00f3kat a v\u00e1llalati folyamatok le\u00edr\u00e1s\u00e1ban, a folyamatokhoz tartoz\u00f3 adatok r\u00f6gz\u00edt\u00e9s\u00e9ben, t\u00e1rol\u00e1s\u00e1ben, a kor\u00e1bban r\u00f6gz\u00edtett adatok visszakeres\u00e9s\u00e9ben a v\u00e1llalat folyamatainak ellen\u0151rz\u00e9s\u00e9ben.\" \/>\n<meta name=\"robots\" content=\"index, follow, max-snippet:-1, max-image-preview:large, max-video-preview:-1\" \/>\n<link rel=\"canonical\" href=\"https:\/\/tron.hu\/index.php\/bizonylat-menedzsment\/\" \/>\n<meta property=\"og:locale\" content=\"hu_HU\" \/>\n<meta property=\"og:type\" content=\"article\" \/>\n<meta property=\"og:title\" content=\"Bizonylat menedzsment - TRON Integr\u00e1lt V\u00e1llalatir\u00e1ny\u00edt\u00e1si Rendszer\" \/>\n<meta property=\"og:description\" content=\"A TRON IVR-ben bizonylat menedzsment seg\u00edti a felhaszn\u00e1l\u00f3kat a v\u00e1llalati folyamatok le\u00edr\u00e1s\u00e1ban, a folyamatokhoz tartoz\u00f3 adatok r\u00f6gz\u00edt\u00e9s\u00e9ben, t\u00e1rol\u00e1s\u00e1ben, a kor\u00e1bban r\u00f6gz\u00edtett adatok visszakeres\u00e9s\u00e9ben a v\u00e1llalat folyamatainak ellen\u0151rz\u00e9s\u00e9ben.\" \/>\n<meta property=\"og:url\" content=\"https:\/\/tron.hu\/index.php\/bizonylat-menedzsment\/\" \/>\n<meta property=\"og:site_name\" content=\"TRON Integr\u00e1lt V\u00e1llalatir\u00e1ny\u00edt\u00e1si Rendszer\" \/>\n<meta property=\"article:modified_time\" content=\"2018-04-02T14:43:16+00:00\" \/>\n<meta property=\"og:image\" content=\"https:\/\/tron.hu\/wp-content\/uploads\/2018\/01\/document_managemant_system.jpg\" \/>\n\t<meta property=\"og:image:width\" content=\"1000\" \/>\n\t<meta property=\"og:image:height\" content=\"500\" \/>\n\t<meta property=\"og:image:type\" content=\"image\/jpeg\" \/>\n<meta name=\"twitter:card\" content=\"summary_large_image\" \/>\n<meta name=\"twitter:label1\" content=\"Becs\u00fclt olvas\u00e1si id\u0151\" \/>\n\t<meta name=\"twitter:data1\" content=\"1 perc\" \/>\n<script type=\"application\/ld+json\" class=\"yoast-schema-graph\">{\"@context\":\"https:\/\/schema.org\",\"@graph\":[{\"@type\":\"WebPage\",\"@id\":\"https:\/\/tron.hu\/index.php\/bizonylat-menedzsment\/\",\"url\":\"https:\/\/tron.hu\/index.php\/bizonylat-menedzsment\/\",\"name\":\"Bizonylat menedzsment - TRON Integr\u00e1lt V\u00e1llalatir\u00e1ny\u00edt\u00e1si Rendszer\",\"isPartOf\":{\"@id\":\"https:\/\/tron.hu\/#website\"},\"primaryImageOfPage\":{\"@id\":\"https:\/\/tron.hu\/index.php\/bizonylat-menedzsment\/#primaryimage\"},\"image\":{\"@id\":\"https:\/\/tron.hu\/index.php\/bizonylat-menedzsment\/#primaryimage\"},\"thumbnailUrl\":\"https:\/\/tron.hu\/wp-content\/uploads\/2018\/01\/document_managemant_system.jpg\",\"datePublished\":\"2018-01-23T17:19:47+00:00\",\"dateModified\":\"2018-04-02T14:43:16+00:00\",\"description\":\"A TRON IVR-ben bizonylat menedzsment seg\u00edti a felhaszn\u00e1l\u00f3kat a v\u00e1llalati folyamatok le\u00edr\u00e1s\u00e1ban, a folyamatokhoz tartoz\u00f3 adatok r\u00f6gz\u00edt\u00e9s\u00e9ben, t\u00e1rol\u00e1s\u00e1ben, a kor\u00e1bban r\u00f6gz\u00edtett adatok visszakeres\u00e9s\u00e9ben a v\u00e1llalat folyamatainak ellen\u0151rz\u00e9s\u00e9ben.\",\"breadcrumb\":{\"@id\":\"https:\/\/tron.hu\/index.php\/bizonylat-menedzsment\/#breadcrumb\"},\"inLanguage\":\"hu\",\"potentialAction\":[{\"@type\":\"ReadAction\",\"target\":[\"https:\/\/tron.hu\/index.php\/bizonylat-menedzsment\/\"]}]},{\"@type\":\"ImageObject\",\"inLanguage\":\"hu\",\"@id\":\"https:\/\/tron.hu\/index.php\/bizonylat-menedzsment\/#primaryimage\",\"url\":\"https:\/\/tron.hu\/wp-content\/uploads\/2018\/01\/document_managemant_system.jpg\",\"contentUrl\":\"https:\/\/tron.hu\/wp-content\/uploads\/2018\/01\/document_managemant_system.jpg\",\"width\":1000,\"height\":500,\"caption\":\"Bizonylat menedzsment\"},{\"@type\":\"BreadcrumbList\",\"@id\":\"https:\/\/tron.hu\/index.php\/bizonylat-menedzsment\/#breadcrumb\",\"itemListElement\":[{\"@type\":\"ListItem\",\"position\":1,\"name\":\"Home\",\"item\":\"https:\/\/tron.hu\/\"},{\"@type\":\"ListItem\",\"position\":2,\"name\":\"Bizonylat menedzsment\"}]},{\"@type\":\"WebSite\",\"@id\":\"https:\/\/tron.hu\/#website\",\"url\":\"https:\/\/tron.hu\/\",\"name\":\"TRON Integr\u00e1lt V\u00e1llalatir\u00e1ny\u00edt\u00e1si Rendszer\",\"description\":\"Inform\u00e1ci\u00f3, ir\u00e1ny\u00edt\u00e1s, ellen\u0151rz\u00e9s!\",\"potentialAction\":[{\"@type\":\"SearchAction\",\"target\":{\"@type\":\"EntryPoint\",\"urlTemplate\":\"https:\/\/tron.hu\/?s={search_term_string}\"},\"query-input\":\"required name=search_term_string\"}],\"inLanguage\":\"hu\"}]}<\/script>\n<!-- \/ Yoast SEO plugin. -->","yoast_head_json":{"title":"Bizonylat menedzsment - TRON Integr\u00e1lt V\u00e1llalatir\u00e1ny\u00edt\u00e1si Rendszer","description":"A TRON IVR-ben bizonylat menedzsment seg\u00edti a felhaszn\u00e1l\u00f3kat a v\u00e1llalati folyamatok le\u00edr\u00e1s\u00e1ban, a folyamatokhoz tartoz\u00f3 adatok r\u00f6gz\u00edt\u00e9s\u00e9ben, t\u00e1rol\u00e1s\u00e1ben, a kor\u00e1bban r\u00f6gz\u00edtett adatok visszakeres\u00e9s\u00e9ben a v\u00e1llalat folyamatainak ellen\u0151rz\u00e9s\u00e9ben.","robots":{"index":"index","follow":"follow","max-snippet":"max-snippet:-1","max-image-preview":"max-image-preview:large","max-video-preview":"max-video-preview:-1"},"canonical":"https:\/\/tron.hu\/index.php\/bizonylat-menedzsment\/","og_locale":"hu_HU","og_type":"article","og_title":"Bizonylat menedzsment - TRON Integr\u00e1lt V\u00e1llalatir\u00e1ny\u00edt\u00e1si Rendszer","og_description":"A TRON IVR-ben bizonylat menedzsment seg\u00edti a felhaszn\u00e1l\u00f3kat a v\u00e1llalati folyamatok le\u00edr\u00e1s\u00e1ban, a folyamatokhoz tartoz\u00f3 adatok r\u00f6gz\u00edt\u00e9s\u00e9ben, t\u00e1rol\u00e1s\u00e1ben, a kor\u00e1bban r\u00f6gz\u00edtett adatok visszakeres\u00e9s\u00e9ben a v\u00e1llalat folyamatainak ellen\u0151rz\u00e9s\u00e9ben.","og_url":"https:\/\/tron.hu\/index.php\/bizonylat-menedzsment\/","og_site_name":"TRON Integr\u00e1lt V\u00e1llalatir\u00e1ny\u00edt\u00e1si Rendszer","article_modified_time":"2018-04-02T14:43:16+00:00","og_image":[{"width":1000,"height":500,"url":"https:\/\/tron.hu\/wp-content\/uploads\/2018\/01\/document_managemant_system.jpg","type":"image\/jpeg"}],"twitter_card":"summary_large_image","twitter_misc":{"Becs\u00fclt olvas\u00e1si id\u0151":"1 perc"},"schema":{"@context":"https:\/\/schema.org","@graph":[{"@type":"WebPage","@id":"https:\/\/tron.hu\/index.php\/bizonylat-menedzsment\/","url":"https:\/\/tron.hu\/index.php\/bizonylat-menedzsment\/","name":"Bizonylat menedzsment - TRON Integr\u00e1lt V\u00e1llalatir\u00e1ny\u00edt\u00e1si Rendszer","isPartOf":{"@id":"https:\/\/tron.hu\/#website"},"primaryImageOfPage":{"@id":"https:\/\/tron.hu\/index.php\/bizonylat-menedzsment\/#primaryimage"},"image":{"@id":"https:\/\/tron.hu\/index.php\/bizonylat-menedzsment\/#primaryimage"},"thumbnailUrl":"https:\/\/tron.hu\/wp-content\/uploads\/2018\/01\/document_managemant_system.jpg","datePublished":"2018-01-23T17:19:47+00:00","dateModified":"2018-04-02T14:43:16+00:00","description":"A TRON IVR-ben bizonylat menedzsment seg\u00edti a felhaszn\u00e1l\u00f3kat a v\u00e1llalati folyamatok le\u00edr\u00e1s\u00e1ban, a folyamatokhoz tartoz\u00f3 adatok r\u00f6gz\u00edt\u00e9s\u00e9ben, t\u00e1rol\u00e1s\u00e1ben, a kor\u00e1bban r\u00f6gz\u00edtett adatok visszakeres\u00e9s\u00e9ben a v\u00e1llalat folyamatainak ellen\u0151rz\u00e9s\u00e9ben.","breadcrumb":{"@id":"https:\/\/tron.hu\/index.php\/bizonylat-menedzsment\/#breadcrumb"},"inLanguage":"hu","potentialAction":[{"@type":"ReadAction","target":["https:\/\/tron.hu\/index.php\/bizonylat-menedzsment\/"]}]},{"@type":"ImageObject","inLanguage":"hu","@id":"https:\/\/tron.hu\/index.php\/bizonylat-menedzsment\/#primaryimage","url":"https:\/\/tron.hu\/wp-content\/uploads\/2018\/01\/document_managemant_system.jpg","contentUrl":"https:\/\/tron.hu\/wp-content\/uploads\/2018\/01\/document_managemant_system.jpg","width":1000,"height":500,"caption":"Bizonylat menedzsment"},{"@type":"BreadcrumbList","@id":"https:\/\/tron.hu\/index.php\/bizonylat-menedzsment\/#breadcrumb","itemListElement":[{"@type":"ListItem","position":1,"name":"Home","item":"https:\/\/tron.hu\/"},{"@type":"ListItem","position":2,"name":"Bizonylat menedzsment"}]},{"@type":"WebSite","@id":"https:\/\/tron.hu\/#website","url":"https:\/\/tron.hu\/","name":"TRON Integr\u00e1lt V\u00e1llalatir\u00e1ny\u00edt\u00e1si Rendszer","description":"Inform\u00e1ci\u00f3, ir\u00e1ny\u00edt\u00e1s, ellen\u0151rz\u00e9s!","potentialAction":[{"@type":"SearchAction","target":{"@type":"EntryPoint","urlTemplate":"https:\/\/tron.hu\/?s={search_term_string}"},"query-input":"required name=search_term_string"}],"inLanguage":"hu"}]}},"post_mailing_queue_ids":[],"_links":{"self":[{"href":"https:\/\/tron.hu\/index.php\/wp-json\/wp\/v2\/pages\/409"}],"collection":[{"href":"https:\/\/tron.hu\/index.php\/wp-json\/wp\/v2\/pages"}],"about":[{"href":"https:\/\/tron.hu\/index.php\/wp-json\/wp\/v2\/types\/page"}],"author":[{"embeddable":true,"href":"https:\/\/tron.hu\/index.php\/wp-json\/wp\/v2\/users\/1"}],"replies":[{"embeddable":true,"href":"https:\/\/tron.hu\/index.php\/wp-json\/wp\/v2\/comments?post=409"}],"version-history":[{"count":4,"href":"https:\/\/tron.hu\/index.php\/wp-json\/wp\/v2\/pages\/409\/revisions"}],"predecessor-version":[{"id":419,"href":"https:\/\/tron.hu\/index.php\/wp-json\/wp\/v2\/pages\/409\/revisions\/419"}],"wp:featuredmedia":[{"embeddable":true,"href":"https:\/\/tron.hu\/index.php\/wp-json\/wp\/v2\/media\/408"}],"wp:attachment":[{"href":"https:\/\/tron.hu\/index.php\/wp-json\/wp\/v2\/media?parent=409"}],"curies":[{"name":"wp","href":"https:\/\/api.w.org\/{rel}","templated":true}]}}