{"id":330,"date":"2017-04-19T11:44:55","date_gmt":"2017-04-19T11:44:55","guid":{"rendered":"http:\/\/localhost\/tron\/?page_id=330"},"modified":"2018-01-23T09:19:33","modified_gmt":"2018-01-23T09:19:33","slug":"eszkozok","status":"publish","type":"page","link":"https:\/\/tron.hu\/index.php\/eszkozok\/","title":{"rendered":"Eszk\u00f6z\u00f6k"},"content":{"rendered":"<p>Szorosan integr\u00e1lt c\u00e9l eszk\u00f6z\u00f6k sz\u00e9les t\u00e1rh\u00e1za \u00e1ll rendelkez\u00e9s\u00e9re a speci\u00e1lis feladatok megb\u00edzhat\u00f3 \u00e9s biztons\u00e1gos elv\u00e9gz\u00e9s\u00e9hez pl.<\/p>\n<ul>\n<li><a href=\"http:\/\/integraltvallalatiranyitasirendszert.akarsz.hu\/index.php\/pointron\/\">r\u00e1di\u00f3frekvenci\u00e1s (WiFi) rakt\u00e1ri mobil termin\u00e1lok alkalmaz\u00e1sa<\/a><\/li>\n<li><a href=\"http:\/\/integraltvallalatiranyitasirendszert.akarsz.hu\/index.php\/tmeasure\/\">elektronikus m\u00e9rlegek haszn\u00e1lata a gy\u00e1rt\u00e1s \u00e9s kisz\u00e1ll\u00edt\u00e1s ellen\u0151rz\u00e9se sor\u00e1n<\/a><\/li>\n<li><a href=\"http:\/\/integraltvallalatiranyitasirendszert.akarsz.hu\/index.php\/tdroid\/\">k\u00f6zvetlen kapcsolat integr\u00e1lt vagy k\u00fcls\u0151 mobil kereskedelmi kliensekkel<\/a><\/li>\n<li><a href=\"http:\/\/integraltvallalatiranyitasirendszert.akarsz.hu\/index.php\/tportal\/\">k\u00f6zvetlen kapcsolat integr\u00e1lt vagy k\u00fcls\u0151 B2B, B2C port\u00e1l \u00e9s\/vagy web \u00e1ruh\u00e1zakkal<\/a><\/li>\n<li><a href=\"http:\/\/integraltvallalatiranyitasirendszert.akarsz.hu\/index.php\/crm\/\" target=\"_blank\" rel=\"noopener noreferrer\">integr\u00e1lt \u00fcgyf\u00e9lkapcsolati rendszer<\/a><\/li>\n<\/ul>\n<p>Mind ezt \u00fagy, hogy az alkalmazott technol\u00f3gi\u00e1nak k\u00f6sz\u00f6nhet\u0151en a hat\u00e1rt kiz\u00e1r\u00f3lag a fant\u00e1zia vagy az adott eszk\u00f6z korl\u00e1tai jelenthetik.<\/p>\n","protected":false},"excerpt":{"rendered":"<p>Szorosan integr\u00e1lt c\u00e9l eszk\u00f6z\u00f6k sz\u00e9les t\u00e1rh\u00e1za \u00e1ll rendelkez\u00e9s\u00e9re a speci\u00e1lis feladatok megb\u00edzhat\u00f3 \u00e9s biztons\u00e1gos elv\u00e9gz\u00e9s\u00e9hez pl. r\u00e1di\u00f3frekvenci\u00e1s (WiFi) rakt\u00e1ri mobil termin\u00e1lok alkalmaz\u00e1sa elektronikus m\u00e9rlegek haszn\u00e1lata a gy\u00e1rt\u00e1s \u00e9s kisz\u00e1ll\u00edt\u00e1s ellen\u0151rz\u00e9se sor\u00e1n k\u00f6zvetlen kapcsolat integr\u00e1lt vagy k\u00fcls\u0151 mobil kereskedelmi kliensekkel k\u00f6zvetlen kapcsolat integr\u00e1lt vagy k\u00fcls\u0151 B2B, B2C port\u00e1l \u00e9s\/vagy web \u00e1ruh\u00e1zakkal integr\u00e1lt \u00fcgyf\u00e9lkapcsolati rendszer Mind ezt [&hellip;]<\/p>\n","protected":false},"author":1,"featured_media":329,"parent":0,"menu_order":0,"comment_status":"closed","ping_status":"closed","template":"","meta":{"footnotes":""},"yoast_head":"<!-- This site is optimized with the Yoast SEO plugin v22.4 - https:\/\/yoast.com\/wordpress\/plugins\/seo\/ -->\n<title>Eszk\u00f6z\u00f6k - TRON Integr\u00e1lt V\u00e1llalatir\u00e1ny\u00edt\u00e1si Rendszer<\/title>\n<meta name=\"robots\" content=\"index, follow, max-snippet:-1, max-image-preview:large, max-video-preview:-1\" \/>\n<link rel=\"canonical\" href=\"https:\/\/tron.hu\/index.php\/eszkozok\/\" \/>\n<meta property=\"og:locale\" content=\"hu_HU\" \/>\n<meta property=\"og:type\" content=\"article\" \/>\n<meta property=\"og:title\" content=\"Eszk\u00f6z\u00f6k - TRON Integr\u00e1lt V\u00e1llalatir\u00e1ny\u00edt\u00e1si Rendszer\" \/>\n<meta property=\"og:description\" content=\"Szorosan integr\u00e1lt c\u00e9l eszk\u00f6z\u00f6k sz\u00e9les t\u00e1rh\u00e1za \u00e1ll rendelkez\u00e9s\u00e9re a speci\u00e1lis feladatok megb\u00edzhat\u00f3 \u00e9s biztons\u00e1gos elv\u00e9gz\u00e9s\u00e9hez pl. r\u00e1di\u00f3frekvenci\u00e1s (WiFi) rakt\u00e1ri mobil termin\u00e1lok alkalmaz\u00e1sa elektronikus m\u00e9rlegek haszn\u00e1lata a gy\u00e1rt\u00e1s \u00e9s kisz\u00e1ll\u00edt\u00e1s ellen\u0151rz\u00e9se sor\u00e1n k\u00f6zvetlen kapcsolat integr\u00e1lt vagy k\u00fcls\u0151 mobil kereskedelmi kliensekkel k\u00f6zvetlen kapcsolat integr\u00e1lt vagy k\u00fcls\u0151 B2B, B2C port\u00e1l \u00e9s\/vagy web \u00e1ruh\u00e1zakkal integr\u00e1lt \u00fcgyf\u00e9lkapcsolati rendszer Mind ezt [&hellip;]\" \/>\n<meta property=\"og:url\" content=\"https:\/\/tron.hu\/index.php\/eszkozok\/\" \/>\n<meta property=\"og:site_name\" content=\"TRON Integr\u00e1lt V\u00e1llalatir\u00e1ny\u00edt\u00e1si Rendszer\" \/>\n<meta property=\"article:modified_time\" content=\"2018-01-23T09:19:33+00:00\" \/>\n<meta property=\"og:image\" content=\"https:\/\/tron.hu\/wp-content\/uploads\/2017\/04\/Kulso_eszkozok_banner.jpg\" \/>\n\t<meta property=\"og:image:width\" content=\"1900\" \/>\n\t<meta property=\"og:image:height\" content=\"500\" \/>\n\t<meta property=\"og:image:type\" content=\"image\/jpeg\" \/>\n<meta name=\"twitter:card\" content=\"summary_large_image\" \/>\n<meta name=\"twitter:label1\" content=\"Becs\u00fclt olvas\u00e1si id\u0151\" \/>\n\t<meta name=\"twitter:data1\" content=\"1 perc\" \/>\n<script type=\"application\/ld+json\" class=\"yoast-schema-graph\">{\"@context\":\"https:\/\/schema.org\",\"@graph\":[{\"@type\":\"WebPage\",\"@id\":\"https:\/\/tron.hu\/index.php\/eszkozok\/\",\"url\":\"https:\/\/tron.hu\/index.php\/eszkozok\/\",\"name\":\"Eszk\u00f6z\u00f6k - TRON Integr\u00e1lt V\u00e1llalatir\u00e1ny\u00edt\u00e1si Rendszer\",\"isPartOf\":{\"@id\":\"https:\/\/tron.hu\/#website\"},\"primaryImageOfPage\":{\"@id\":\"https:\/\/tron.hu\/index.php\/eszkozok\/#primaryimage\"},\"image\":{\"@id\":\"https:\/\/tron.hu\/index.php\/eszkozok\/#primaryimage\"},\"thumbnailUrl\":\"https:\/\/tron.hu\/wp-content\/uploads\/2017\/04\/Kulso_eszkozok_banner.jpg\",\"datePublished\":\"2017-04-19T11:44:55+00:00\",\"dateModified\":\"2018-01-23T09:19:33+00:00\",\"breadcrumb\":{\"@id\":\"https:\/\/tron.hu\/index.php\/eszkozok\/#breadcrumb\"},\"inLanguage\":\"hu\",\"potentialAction\":[{\"@type\":\"ReadAction\",\"target\":[\"https:\/\/tron.hu\/index.php\/eszkozok\/\"]}]},{\"@type\":\"ImageObject\",\"inLanguage\":\"hu\",\"@id\":\"https:\/\/tron.hu\/index.php\/eszkozok\/#primaryimage\",\"url\":\"https:\/\/tron.hu\/wp-content\/uploads\/2017\/04\/Kulso_eszkozok_banner.jpg\",\"contentUrl\":\"https:\/\/tron.hu\/wp-content\/uploads\/2017\/04\/Kulso_eszkozok_banner.jpg\",\"width\":1900,\"height\":500},{\"@type\":\"BreadcrumbList\",\"@id\":\"https:\/\/tron.hu\/index.php\/eszkozok\/#breadcrumb\",\"itemListElement\":[{\"@type\":\"ListItem\",\"position\":1,\"name\":\"Home\",\"item\":\"https:\/\/tron.hu\/\"},{\"@type\":\"ListItem\",\"position\":2,\"name\":\"Eszk\u00f6z\u00f6k\"}]},{\"@type\":\"WebSite\",\"@id\":\"https:\/\/tron.hu\/#website\",\"url\":\"https:\/\/tron.hu\/\",\"name\":\"TRON Integr\u00e1lt V\u00e1llalatir\u00e1ny\u00edt\u00e1si Rendszer\",\"description\":\"Inform\u00e1ci\u00f3, ir\u00e1ny\u00edt\u00e1s, ellen\u0151rz\u00e9s!\",\"potentialAction\":[{\"@type\":\"SearchAction\",\"target\":{\"@type\":\"EntryPoint\",\"urlTemplate\":\"https:\/\/tron.hu\/?s={search_term_string}\"},\"query-input\":\"required name=search_term_string\"}],\"inLanguage\":\"hu\"}]}<\/script>\n<!-- \/ Yoast SEO plugin. -->","yoast_head_json":{"title":"Eszk\u00f6z\u00f6k - TRON Integr\u00e1lt V\u00e1llalatir\u00e1ny\u00edt\u00e1si Rendszer","robots":{"index":"index","follow":"follow","max-snippet":"max-snippet:-1","max-image-preview":"max-image-preview:large","max-video-preview":"max-video-preview:-1"},"canonical":"https:\/\/tron.hu\/index.php\/eszkozok\/","og_locale":"hu_HU","og_type":"article","og_title":"Eszk\u00f6z\u00f6k - TRON Integr\u00e1lt V\u00e1llalatir\u00e1ny\u00edt\u00e1si Rendszer","og_description":"Szorosan integr\u00e1lt c\u00e9l eszk\u00f6z\u00f6k sz\u00e9les t\u00e1rh\u00e1za \u00e1ll rendelkez\u00e9s\u00e9re a speci\u00e1lis feladatok megb\u00edzhat\u00f3 \u00e9s biztons\u00e1gos elv\u00e9gz\u00e9s\u00e9hez pl. r\u00e1di\u00f3frekvenci\u00e1s (WiFi) rakt\u00e1ri mobil termin\u00e1lok alkalmaz\u00e1sa elektronikus m\u00e9rlegek haszn\u00e1lata a gy\u00e1rt\u00e1s \u00e9s kisz\u00e1ll\u00edt\u00e1s ellen\u0151rz\u00e9se sor\u00e1n k\u00f6zvetlen kapcsolat integr\u00e1lt vagy k\u00fcls\u0151 mobil kereskedelmi kliensekkel k\u00f6zvetlen kapcsolat integr\u00e1lt vagy k\u00fcls\u0151 B2B, B2C port\u00e1l \u00e9s\/vagy web \u00e1ruh\u00e1zakkal integr\u00e1lt \u00fcgyf\u00e9lkapcsolati rendszer Mind ezt [&hellip;]","og_url":"https:\/\/tron.hu\/index.php\/eszkozok\/","og_site_name":"TRON Integr\u00e1lt V\u00e1llalatir\u00e1ny\u00edt\u00e1si Rendszer","article_modified_time":"2018-01-23T09:19:33+00:00","og_image":[{"width":1900,"height":500,"url":"https:\/\/tron.hu\/wp-content\/uploads\/2017\/04\/Kulso_eszkozok_banner.jpg","type":"image\/jpeg"}],"twitter_card":"summary_large_image","twitter_misc":{"Becs\u00fclt olvas\u00e1si id\u0151":"1 perc"},"schema":{"@context":"https:\/\/schema.org","@graph":[{"@type":"WebPage","@id":"https:\/\/tron.hu\/index.php\/eszkozok\/","url":"https:\/\/tron.hu\/index.php\/eszkozok\/","name":"Eszk\u00f6z\u00f6k - TRON Integr\u00e1lt V\u00e1llalatir\u00e1ny\u00edt\u00e1si Rendszer","isPartOf":{"@id":"https:\/\/tron.hu\/#website"},"primaryImageOfPage":{"@id":"https:\/\/tron.hu\/index.php\/eszkozok\/#primaryimage"},"image":{"@id":"https:\/\/tron.hu\/index.php\/eszkozok\/#primaryimage"},"thumbnailUrl":"https:\/\/tron.hu\/wp-content\/uploads\/2017\/04\/Kulso_eszkozok_banner.jpg","datePublished":"2017-04-19T11:44:55+00:00","dateModified":"2018-01-23T09:19:33+00:00","breadcrumb":{"@id":"https:\/\/tron.hu\/index.php\/eszkozok\/#breadcrumb"},"inLanguage":"hu","potentialAction":[{"@type":"ReadAction","target":["https:\/\/tron.hu\/index.php\/eszkozok\/"]}]},{"@type":"ImageObject","inLanguage":"hu","@id":"https:\/\/tron.hu\/index.php\/eszkozok\/#primaryimage","url":"https:\/\/tron.hu\/wp-content\/uploads\/2017\/04\/Kulso_eszkozok_banner.jpg","contentUrl":"https:\/\/tron.hu\/wp-content\/uploads\/2017\/04\/Kulso_eszkozok_banner.jpg","width":1900,"height":500},{"@type":"BreadcrumbList","@id":"https:\/\/tron.hu\/index.php\/eszkozok\/#breadcrumb","itemListElement":[{"@type":"ListItem","position":1,"name":"Home","item":"https:\/\/tron.hu\/"},{"@type":"ListItem","position":2,"name":"Eszk\u00f6z\u00f6k"}]},{"@type":"WebSite","@id":"https:\/\/tron.hu\/#website","url":"https:\/\/tron.hu\/","name":"TRON Integr\u00e1lt V\u00e1llalatir\u00e1ny\u00edt\u00e1si Rendszer","description":"Inform\u00e1ci\u00f3, ir\u00e1ny\u00edt\u00e1s, ellen\u0151rz\u00e9s!","potentialAction":[{"@type":"SearchAction","target":{"@type":"EntryPoint","urlTemplate":"https:\/\/tron.hu\/?s={search_term_string}"},"query-input":"required name=search_term_string"}],"inLanguage":"hu"}]}},"post_mailing_queue_ids":[],"_links":{"self":[{"href":"https:\/\/tron.hu\/index.php\/wp-json\/wp\/v2\/pages\/330"}],"collection":[{"href":"https:\/\/tron.hu\/index.php\/wp-json\/wp\/v2\/pages"}],"about":[{"href":"https:\/\/tron.hu\/index.php\/wp-json\/wp\/v2\/types\/page"}],"author":[{"embeddable":true,"href":"https:\/\/tron.hu\/index.php\/wp-json\/wp\/v2\/users\/1"}],"replies":[{"embeddable":true,"href":"https:\/\/tron.hu\/index.php\/wp-json\/wp\/v2\/comments?post=330"}],"version-history":[{"count":5,"href":"https:\/\/tron.hu\/index.php\/wp-json\/wp\/v2\/pages\/330\/revisions"}],"predecessor-version":[{"id":403,"href":"https:\/\/tron.hu\/index.php\/wp-json\/wp\/v2\/pages\/330\/revisions\/403"}],"wp:featuredmedia":[{"embeddable":true,"href":"https:\/\/tron.hu\/index.php\/wp-json\/wp\/v2\/media\/329"}],"wp:attachment":[{"href":"https:\/\/tron.hu\/index.php\/wp-json\/wp\/v2\/media?parent=330"}],"curies":[{"name":"wp","href":"https:\/\/api.w.org\/{rel}","templated":true}]}}