{"id":325,"date":"2017-04-19T11:23:51","date_gmt":"2017-04-19T11:23:51","guid":{"rendered":"http:\/\/localhost\/tron\/?page_id=325"},"modified":"2018-01-23T09:13:45","modified_gmt":"2018-01-23T09:13:45","slug":"minoseg","status":"publish","type":"page","link":"https:\/\/tron.hu\/index.php\/minoseg\/","title":{"rendered":"Min\u0151s\u00e9g"},"content":{"rendered":"<p>Mint annyi minden, a min\u0151s\u00e9g k\u00e9rd\u00e9se is t\u00f6bb oldalr\u00f3l megk\u00f6zel\u00edthet\u0151 a <strong>TRON IVR<\/strong> eset\u00e9ben:<\/p>\n<ul>\n<li>az egyik oldalr\u00f3l f\u00fcggetlen min\u0151s\u00edt\u00e9sek igazolj\u00e1k a <strong>TRON IVR<\/strong> megfelel\u00e9s\u00e9t a legszigor\u00fabb ipar\u00e1gi k\u00f6vetelm\u00e9ny rendszerek, mint pl. az <em>FDA 21 CFR Part 11<\/em>-nek vagy az <em>EU EudraLex Vol. 4 Annex 11<\/em>-nek, amelyek az emberi felhaszn\u00e1l\u00e1s\u00fa gy\u00f3gyszerek gy\u00e1rt\u00e1sa, kereskedelme sor\u00e1n alkalmazott informatikai eszk\u00f6z\u00f6kkel szemben t\u00e1masztott k\u00f6vetelm\u00e9nyeket \u00edrja el\u0151<\/li>\n<li>m\u00e1s r\u00e9szr\u0151l a <strong>TRON IVR<\/strong> folyamataival hozz\u00e1j\u00e1rul a gy\u00e1rtott \u00e9s\/vagy forgalmazott term\u00e9kek min\u0151s\u00e9g\u00e9nek, a gy\u00e1rt\u00e1s, rakt\u00e1roz\u00e1s \u00e9s a sz\u00e1ll\u00edtm\u00e1nyoz\u00e1s k\u00f6r\u00fclm\u00e9nyeinek folyamatos jav\u00edt\u00e1s\u00e1hoz \u00e9s ezek \u00e1ltal a vev\u0151 el\u00e9gedetts\u00e9g n\u00f6vel\u00e9s\u00e9hez.<\/li>\n<\/ul>\n","protected":false},"excerpt":{"rendered":"<p>Mint annyi minden, a min\u0151s\u00e9g k\u00e9rd\u00e9se is t\u00f6bb oldalr\u00f3l megk\u00f6zel\u00edthet\u0151 a TRON IVR eset\u00e9ben: az egyik oldalr\u00f3l f\u00fcggetlen min\u0151s\u00edt\u00e9sek igazolj\u00e1k a TRON IVR megfelel\u00e9s\u00e9t a legszigor\u00fabb ipar\u00e1gi k\u00f6vetelm\u00e9ny rendszerek, mint pl. az FDA 21 CFR Part 11-nek vagy az EU EudraLex Vol. 4 Annex 11-nek, amelyek az emberi felhaszn\u00e1l\u00e1s\u00fa gy\u00f3gyszerek gy\u00e1rt\u00e1sa, kereskedelme sor\u00e1n alkalmazott informatikai [&hellip;]<\/p>\n","protected":false},"author":1,"featured_media":324,"parent":0,"menu_order":0,"comment_status":"closed","ping_status":"closed","template":"","meta":{"footnotes":""},"yoast_head":"<!-- This site is optimized with the Yoast SEO plugin v22.4 - https:\/\/yoast.com\/wordpress\/plugins\/seo\/ -->\n<title>Min\u0151s\u00e9g - TRON Integr\u00e1lt V\u00e1llalatir\u00e1ny\u00edt\u00e1si Rendszer<\/title>\n<meta name=\"robots\" content=\"index, follow, max-snippet:-1, max-image-preview:large, max-video-preview:-1\" \/>\n<link rel=\"canonical\" href=\"https:\/\/tron.hu\/index.php\/minoseg\/\" \/>\n<meta property=\"og:locale\" content=\"hu_HU\" \/>\n<meta property=\"og:type\" content=\"article\" \/>\n<meta property=\"og:title\" content=\"Min\u0151s\u00e9g - TRON Integr\u00e1lt V\u00e1llalatir\u00e1ny\u00edt\u00e1si Rendszer\" \/>\n<meta property=\"og:description\" content=\"Mint annyi minden, a min\u0151s\u00e9g k\u00e9rd\u00e9se is t\u00f6bb oldalr\u00f3l megk\u00f6zel\u00edthet\u0151 a TRON IVR eset\u00e9ben: az egyik oldalr\u00f3l f\u00fcggetlen min\u0151s\u00edt\u00e9sek igazolj\u00e1k a TRON IVR megfelel\u00e9s\u00e9t a legszigor\u00fabb ipar\u00e1gi k\u00f6vetelm\u00e9ny rendszerek, mint pl. az FDA 21 CFR Part 11-nek vagy az EU EudraLex Vol. 4 Annex 11-nek, amelyek az emberi felhaszn\u00e1l\u00e1s\u00fa gy\u00f3gyszerek gy\u00e1rt\u00e1sa, kereskedelme sor\u00e1n alkalmazott informatikai [&hellip;]\" \/>\n<meta property=\"og:url\" content=\"https:\/\/tron.hu\/index.php\/minoseg\/\" \/>\n<meta property=\"og:site_name\" content=\"TRON Integr\u00e1lt V\u00e1llalatir\u00e1ny\u00edt\u00e1si Rendszer\" \/>\n<meta property=\"article:modified_time\" content=\"2018-01-23T09:13:45+00:00\" \/>\n<meta property=\"og:image\" content=\"https:\/\/tron.hu\/wp-content\/uploads\/2017\/04\/quality_banner.jpg\" \/>\n\t<meta property=\"og:image:width\" content=\"980\" \/>\n\t<meta property=\"og:image:height\" content=\"211\" \/>\n\t<meta property=\"og:image:type\" content=\"image\/jpeg\" \/>\n<meta name=\"twitter:card\" content=\"summary_large_image\" \/>\n<meta name=\"twitter:label1\" content=\"Becs\u00fclt olvas\u00e1si id\u0151\" \/>\n\t<meta name=\"twitter:data1\" content=\"1 perc\" \/>\n<script type=\"application\/ld+json\" class=\"yoast-schema-graph\">{\"@context\":\"https:\/\/schema.org\",\"@graph\":[{\"@type\":\"WebPage\",\"@id\":\"https:\/\/tron.hu\/index.php\/minoseg\/\",\"url\":\"https:\/\/tron.hu\/index.php\/minoseg\/\",\"name\":\"Min\u0151s\u00e9g - TRON Integr\u00e1lt V\u00e1llalatir\u00e1ny\u00edt\u00e1si Rendszer\",\"isPartOf\":{\"@id\":\"https:\/\/tron.hu\/#website\"},\"primaryImageOfPage\":{\"@id\":\"https:\/\/tron.hu\/index.php\/minoseg\/#primaryimage\"},\"image\":{\"@id\":\"https:\/\/tron.hu\/index.php\/minoseg\/#primaryimage\"},\"thumbnailUrl\":\"https:\/\/tron.hu\/wp-content\/uploads\/2017\/04\/quality_banner.jpg\",\"datePublished\":\"2017-04-19T11:23:51+00:00\",\"dateModified\":\"2018-01-23T09:13:45+00:00\",\"breadcrumb\":{\"@id\":\"https:\/\/tron.hu\/index.php\/minoseg\/#breadcrumb\"},\"inLanguage\":\"hu\",\"potentialAction\":[{\"@type\":\"ReadAction\",\"target\":[\"https:\/\/tron.hu\/index.php\/minoseg\/\"]}]},{\"@type\":\"ImageObject\",\"inLanguage\":\"hu\",\"@id\":\"https:\/\/tron.hu\/index.php\/minoseg\/#primaryimage\",\"url\":\"https:\/\/tron.hu\/wp-content\/uploads\/2017\/04\/quality_banner.jpg\",\"contentUrl\":\"https:\/\/tron.hu\/wp-content\/uploads\/2017\/04\/quality_banner.jpg\",\"width\":980,\"height\":211},{\"@type\":\"BreadcrumbList\",\"@id\":\"https:\/\/tron.hu\/index.php\/minoseg\/#breadcrumb\",\"itemListElement\":[{\"@type\":\"ListItem\",\"position\":1,\"name\":\"Home\",\"item\":\"https:\/\/tron.hu\/\"},{\"@type\":\"ListItem\",\"position\":2,\"name\":\"Min\u0151s\u00e9g\"}]},{\"@type\":\"WebSite\",\"@id\":\"https:\/\/tron.hu\/#website\",\"url\":\"https:\/\/tron.hu\/\",\"name\":\"TRON Integr\u00e1lt V\u00e1llalatir\u00e1ny\u00edt\u00e1si Rendszer\",\"description\":\"Inform\u00e1ci\u00f3, ir\u00e1ny\u00edt\u00e1s, ellen\u0151rz\u00e9s!\",\"potentialAction\":[{\"@type\":\"SearchAction\",\"target\":{\"@type\":\"EntryPoint\",\"urlTemplate\":\"https:\/\/tron.hu\/?s={search_term_string}\"},\"query-input\":\"required name=search_term_string\"}],\"inLanguage\":\"hu\"}]}<\/script>\n<!-- \/ Yoast SEO plugin. -->","yoast_head_json":{"title":"Min\u0151s\u00e9g - TRON Integr\u00e1lt V\u00e1llalatir\u00e1ny\u00edt\u00e1si Rendszer","robots":{"index":"index","follow":"follow","max-snippet":"max-snippet:-1","max-image-preview":"max-image-preview:large","max-video-preview":"max-video-preview:-1"},"canonical":"https:\/\/tron.hu\/index.php\/minoseg\/","og_locale":"hu_HU","og_type":"article","og_title":"Min\u0151s\u00e9g - TRON Integr\u00e1lt V\u00e1llalatir\u00e1ny\u00edt\u00e1si Rendszer","og_description":"Mint annyi minden, a min\u0151s\u00e9g k\u00e9rd\u00e9se is t\u00f6bb oldalr\u00f3l megk\u00f6zel\u00edthet\u0151 a TRON IVR eset\u00e9ben: az egyik oldalr\u00f3l f\u00fcggetlen min\u0151s\u00edt\u00e9sek igazolj\u00e1k a TRON IVR megfelel\u00e9s\u00e9t a legszigor\u00fabb ipar\u00e1gi k\u00f6vetelm\u00e9ny rendszerek, mint pl. az FDA 21 CFR Part 11-nek vagy az EU EudraLex Vol. 4 Annex 11-nek, amelyek az emberi felhaszn\u00e1l\u00e1s\u00fa gy\u00f3gyszerek gy\u00e1rt\u00e1sa, kereskedelme sor\u00e1n alkalmazott informatikai [&hellip;]","og_url":"https:\/\/tron.hu\/index.php\/minoseg\/","og_site_name":"TRON Integr\u00e1lt V\u00e1llalatir\u00e1ny\u00edt\u00e1si Rendszer","article_modified_time":"2018-01-23T09:13:45+00:00","og_image":[{"width":980,"height":211,"url":"https:\/\/tron.hu\/wp-content\/uploads\/2017\/04\/quality_banner.jpg","type":"image\/jpeg"}],"twitter_card":"summary_large_image","twitter_misc":{"Becs\u00fclt olvas\u00e1si id\u0151":"1 perc"},"schema":{"@context":"https:\/\/schema.org","@graph":[{"@type":"WebPage","@id":"https:\/\/tron.hu\/index.php\/minoseg\/","url":"https:\/\/tron.hu\/index.php\/minoseg\/","name":"Min\u0151s\u00e9g - TRON Integr\u00e1lt V\u00e1llalatir\u00e1ny\u00edt\u00e1si Rendszer","isPartOf":{"@id":"https:\/\/tron.hu\/#website"},"primaryImageOfPage":{"@id":"https:\/\/tron.hu\/index.php\/minoseg\/#primaryimage"},"image":{"@id":"https:\/\/tron.hu\/index.php\/minoseg\/#primaryimage"},"thumbnailUrl":"https:\/\/tron.hu\/wp-content\/uploads\/2017\/04\/quality_banner.jpg","datePublished":"2017-04-19T11:23:51+00:00","dateModified":"2018-01-23T09:13:45+00:00","breadcrumb":{"@id":"https:\/\/tron.hu\/index.php\/minoseg\/#breadcrumb"},"inLanguage":"hu","potentialAction":[{"@type":"ReadAction","target":["https:\/\/tron.hu\/index.php\/minoseg\/"]}]},{"@type":"ImageObject","inLanguage":"hu","@id":"https:\/\/tron.hu\/index.php\/minoseg\/#primaryimage","url":"https:\/\/tron.hu\/wp-content\/uploads\/2017\/04\/quality_banner.jpg","contentUrl":"https:\/\/tron.hu\/wp-content\/uploads\/2017\/04\/quality_banner.jpg","width":980,"height":211},{"@type":"BreadcrumbList","@id":"https:\/\/tron.hu\/index.php\/minoseg\/#breadcrumb","itemListElement":[{"@type":"ListItem","position":1,"name":"Home","item":"https:\/\/tron.hu\/"},{"@type":"ListItem","position":2,"name":"Min\u0151s\u00e9g"}]},{"@type":"WebSite","@id":"https:\/\/tron.hu\/#website","url":"https:\/\/tron.hu\/","name":"TRON Integr\u00e1lt V\u00e1llalatir\u00e1ny\u00edt\u00e1si Rendszer","description":"Inform\u00e1ci\u00f3, ir\u00e1ny\u00edt\u00e1s, ellen\u0151rz\u00e9s!","potentialAction":[{"@type":"SearchAction","target":{"@type":"EntryPoint","urlTemplate":"https:\/\/tron.hu\/?s={search_term_string}"},"query-input":"required name=search_term_string"}],"inLanguage":"hu"}]}},"post_mailing_queue_ids":[],"_links":{"self":[{"href":"https:\/\/tron.hu\/index.php\/wp-json\/wp\/v2\/pages\/325"}],"collection":[{"href":"https:\/\/tron.hu\/index.php\/wp-json\/wp\/v2\/pages"}],"about":[{"href":"https:\/\/tron.hu\/index.php\/wp-json\/wp\/v2\/types\/page"}],"author":[{"embeddable":true,"href":"https:\/\/tron.hu\/index.php\/wp-json\/wp\/v2\/users\/1"}],"replies":[{"embeddable":true,"href":"https:\/\/tron.hu\/index.php\/wp-json\/wp\/v2\/comments?post=325"}],"version-history":[{"count":5,"href":"https:\/\/tron.hu\/index.php\/wp-json\/wp\/v2\/pages\/325\/revisions"}],"predecessor-version":[{"id":402,"href":"https:\/\/tron.hu\/index.php\/wp-json\/wp\/v2\/pages\/325\/revisions\/402"}],"wp:featuredmedia":[{"embeddable":true,"href":"https:\/\/tron.hu\/index.php\/wp-json\/wp\/v2\/media\/324"}],"wp:attachment":[{"href":"https:\/\/tron.hu\/index.php\/wp-json\/wp\/v2\/media?parent=325"}],"curies":[{"name":"wp","href":"https:\/\/api.w.org\/{rel}","templated":true}]}}