{"id":321,"date":"2017-04-19T11:16:39","date_gmt":"2017-04-19T11:16:39","guid":{"rendered":"http:\/\/localhost\/tron\/?page_id=321"},"modified":"2018-01-23T09:11:49","modified_gmt":"2018-01-23T09:11:49","slug":"modularitas","status":"publish","type":"page","link":"https:\/\/tron.hu\/index.php\/modularitas\/","title":{"rendered":"Modularit\u00e1s"},"content":{"rendered":"<p>A modularit\u00e1s a <strong>TRON IVR<\/strong> minden szintj\u00e9n jelen l\u00e9v\u0151 tulajdons\u00e1g kezdve a kieg\u00e9sz\u00edt\u0151 eszk\u00f6z\u00f6kkel mint pl.<\/p>\n<ul>\n<li><a href=\"http:\/\/integraltvallalatiranyitasirendszert.akarsz.hu\/index.php\/tdroid\/\">TRONDroid<\/a><\/li>\n<li><a href=\"http:\/\/integraltvallalatiranyitasirendszert.akarsz.hu\/index.php\/pointron\/\">poinTRON<\/a><\/li>\n<li><a href=\"http:\/\/integraltvallalatiranyitasirendszert.akarsz.hu\/index.php\/crm\/\">CRM<\/a><\/li>\n<\/ul>\n<p>tov\u00e1bb a f\u0151- \u00e9s alrendszereken \u00e1t mint pl.<\/p>\n<ul>\n<li><a href=\"http:\/\/integraltvallalatiranyitasirendszert.akarsz.hu\/index.php\/ellatasi-lanc-menedzsment\/\">Ell\u00e1t\u00e1si l\u00e1nc menedzsment<\/a>\n<ul style=\"list-style-type: disc;\">\n<li>Beszerz\u00e9s<\/li>\n<li>Gy\u00e1rt\u00e1s<\/li>\n<li>\u00c9rt\u00e9kes\u00edt\u00e9s<\/li>\n<li>Logisztika<\/li>\n<\/ul>\n<\/li>\n<\/ul>\n<p>eg\u00e9szen az egyes bizonylatok szintj\u00e9ig.<\/p>\n<p>Az egyes modulok haszn\u00e1lata &#8211; az \u00fczleti modell m\u0171k\u00f6d\u00e9si hat\u00e1rain bel\u00fcl &#8211; szabadon ki-, ill. bekapcsolhat\u00f3k, \u00edgy a haszn\u00e1latba vett rendszere pont azt teszi \u00e9s \u00d6n csak az\u00e9rt fizet amire sz\u00fcks\u00e9ge van.<\/p>\n","protected":false},"excerpt":{"rendered":"<p>A modularit\u00e1s a TRON IVR minden szintj\u00e9n jelen l\u00e9v\u0151 tulajdons\u00e1g kezdve a kieg\u00e9sz\u00edt\u0151 eszk\u00f6z\u00f6kkel mint pl. TRONDroid poinTRON CRM tov\u00e1bb a f\u0151- \u00e9s alrendszereken \u00e1t mint pl. Ell\u00e1t\u00e1si l\u00e1nc menedzsment Beszerz\u00e9s Gy\u00e1rt\u00e1s \u00c9rt\u00e9kes\u00edt\u00e9s Logisztika eg\u00e9szen az egyes bizonylatok szintj\u00e9ig. Az egyes modulok haszn\u00e1lata &#8211; az \u00fczleti modell m\u0171k\u00f6d\u00e9si hat\u00e1rain bel\u00fcl &#8211; szabadon ki-, ill. bekapcsolhat\u00f3k, [&hellip;]<\/p>\n","protected":false},"author":1,"featured_media":320,"parent":0,"menu_order":0,"comment_status":"closed","ping_status":"closed","template":"","meta":{"footnotes":""},"yoast_head":"<!-- This site is optimized with the Yoast SEO plugin v22.4 - https:\/\/yoast.com\/wordpress\/plugins\/seo\/ -->\n<title>Modularit\u00e1s - TRON Integr\u00e1lt V\u00e1llalatir\u00e1ny\u00edt\u00e1si Rendszer<\/title>\n<meta name=\"robots\" content=\"index, follow, max-snippet:-1, max-image-preview:large, max-video-preview:-1\" \/>\n<link rel=\"canonical\" href=\"https:\/\/tron.hu\/index.php\/modularitas\/\" \/>\n<meta property=\"og:locale\" content=\"hu_HU\" \/>\n<meta property=\"og:type\" content=\"article\" \/>\n<meta property=\"og:title\" content=\"Modularit\u00e1s - TRON Integr\u00e1lt V\u00e1llalatir\u00e1ny\u00edt\u00e1si Rendszer\" \/>\n<meta property=\"og:description\" content=\"A modularit\u00e1s a TRON IVR minden szintj\u00e9n jelen l\u00e9v\u0151 tulajdons\u00e1g kezdve a kieg\u00e9sz\u00edt\u0151 eszk\u00f6z\u00f6kkel mint pl. TRONDroid poinTRON CRM tov\u00e1bb a f\u0151- \u00e9s alrendszereken \u00e1t mint pl. Ell\u00e1t\u00e1si l\u00e1nc menedzsment Beszerz\u00e9s Gy\u00e1rt\u00e1s \u00c9rt\u00e9kes\u00edt\u00e9s Logisztika eg\u00e9szen az egyes bizonylatok szintj\u00e9ig. Az egyes modulok haszn\u00e1lata &#8211; az \u00fczleti modell m\u0171k\u00f6d\u00e9si hat\u00e1rain bel\u00fcl &#8211; szabadon ki-, ill. bekapcsolhat\u00f3k, [&hellip;]\" \/>\n<meta property=\"og:url\" content=\"https:\/\/tron.hu\/index.php\/modularitas\/\" \/>\n<meta property=\"og:site_name\" content=\"TRON Integr\u00e1lt V\u00e1llalatir\u00e1ny\u00edt\u00e1si Rendszer\" \/>\n<meta property=\"article:modified_time\" content=\"2018-01-23T09:11:49+00:00\" \/>\n<meta property=\"og:image\" content=\"https:\/\/tron.hu\/wp-content\/uploads\/2017\/04\/Modular_banner.png\" \/>\n\t<meta property=\"og:image:width\" content=\"1123\" \/>\n\t<meta property=\"og:image:height\" content=\"279\" \/>\n\t<meta property=\"og:image:type\" content=\"image\/png\" \/>\n<meta name=\"twitter:card\" content=\"summary_large_image\" \/>\n<meta name=\"twitter:label1\" content=\"Becs\u00fclt olvas\u00e1si id\u0151\" \/>\n\t<meta name=\"twitter:data1\" content=\"1 perc\" \/>\n<script type=\"application\/ld+json\" class=\"yoast-schema-graph\">{\"@context\":\"https:\/\/schema.org\",\"@graph\":[{\"@type\":\"WebPage\",\"@id\":\"https:\/\/tron.hu\/index.php\/modularitas\/\",\"url\":\"https:\/\/tron.hu\/index.php\/modularitas\/\",\"name\":\"Modularit\u00e1s - TRON Integr\u00e1lt V\u00e1llalatir\u00e1ny\u00edt\u00e1si Rendszer\",\"isPartOf\":{\"@id\":\"https:\/\/tron.hu\/#website\"},\"primaryImageOfPage\":{\"@id\":\"https:\/\/tron.hu\/index.php\/modularitas\/#primaryimage\"},\"image\":{\"@id\":\"https:\/\/tron.hu\/index.php\/modularitas\/#primaryimage\"},\"thumbnailUrl\":\"https:\/\/tron.hu\/wp-content\/uploads\/2017\/04\/Modular_banner.png\",\"datePublished\":\"2017-04-19T11:16:39+00:00\",\"dateModified\":\"2018-01-23T09:11:49+00:00\",\"breadcrumb\":{\"@id\":\"https:\/\/tron.hu\/index.php\/modularitas\/#breadcrumb\"},\"inLanguage\":\"hu\",\"potentialAction\":[{\"@type\":\"ReadAction\",\"target\":[\"https:\/\/tron.hu\/index.php\/modularitas\/\"]}]},{\"@type\":\"ImageObject\",\"inLanguage\":\"hu\",\"@id\":\"https:\/\/tron.hu\/index.php\/modularitas\/#primaryimage\",\"url\":\"https:\/\/tron.hu\/wp-content\/uploads\/2017\/04\/Modular_banner.png\",\"contentUrl\":\"https:\/\/tron.hu\/wp-content\/uploads\/2017\/04\/Modular_banner.png\",\"width\":1123,\"height\":279},{\"@type\":\"BreadcrumbList\",\"@id\":\"https:\/\/tron.hu\/index.php\/modularitas\/#breadcrumb\",\"itemListElement\":[{\"@type\":\"ListItem\",\"position\":1,\"name\":\"Home\",\"item\":\"https:\/\/tron.hu\/\"},{\"@type\":\"ListItem\",\"position\":2,\"name\":\"Modularit\u00e1s\"}]},{\"@type\":\"WebSite\",\"@id\":\"https:\/\/tron.hu\/#website\",\"url\":\"https:\/\/tron.hu\/\",\"name\":\"TRON Integr\u00e1lt V\u00e1llalatir\u00e1ny\u00edt\u00e1si Rendszer\",\"description\":\"Inform\u00e1ci\u00f3, ir\u00e1ny\u00edt\u00e1s, ellen\u0151rz\u00e9s!\",\"potentialAction\":[{\"@type\":\"SearchAction\",\"target\":{\"@type\":\"EntryPoint\",\"urlTemplate\":\"https:\/\/tron.hu\/?s={search_term_string}\"},\"query-input\":\"required name=search_term_string\"}],\"inLanguage\":\"hu\"}]}<\/script>\n<!-- \/ Yoast SEO plugin. -->","yoast_head_json":{"title":"Modularit\u00e1s - TRON Integr\u00e1lt V\u00e1llalatir\u00e1ny\u00edt\u00e1si Rendszer","robots":{"index":"index","follow":"follow","max-snippet":"max-snippet:-1","max-image-preview":"max-image-preview:large","max-video-preview":"max-video-preview:-1"},"canonical":"https:\/\/tron.hu\/index.php\/modularitas\/","og_locale":"hu_HU","og_type":"article","og_title":"Modularit\u00e1s - TRON Integr\u00e1lt V\u00e1llalatir\u00e1ny\u00edt\u00e1si Rendszer","og_description":"A modularit\u00e1s a TRON IVR minden szintj\u00e9n jelen l\u00e9v\u0151 tulajdons\u00e1g kezdve a kieg\u00e9sz\u00edt\u0151 eszk\u00f6z\u00f6kkel mint pl. TRONDroid poinTRON CRM tov\u00e1bb a f\u0151- \u00e9s alrendszereken \u00e1t mint pl. Ell\u00e1t\u00e1si l\u00e1nc menedzsment Beszerz\u00e9s Gy\u00e1rt\u00e1s \u00c9rt\u00e9kes\u00edt\u00e9s Logisztika eg\u00e9szen az egyes bizonylatok szintj\u00e9ig. Az egyes modulok haszn\u00e1lata &#8211; az \u00fczleti modell m\u0171k\u00f6d\u00e9si hat\u00e1rain bel\u00fcl &#8211; szabadon ki-, ill. bekapcsolhat\u00f3k, [&hellip;]","og_url":"https:\/\/tron.hu\/index.php\/modularitas\/","og_site_name":"TRON Integr\u00e1lt V\u00e1llalatir\u00e1ny\u00edt\u00e1si Rendszer","article_modified_time":"2018-01-23T09:11:49+00:00","og_image":[{"width":1123,"height":279,"url":"https:\/\/tron.hu\/wp-content\/uploads\/2017\/04\/Modular_banner.png","type":"image\/png"}],"twitter_card":"summary_large_image","twitter_misc":{"Becs\u00fclt olvas\u00e1si id\u0151":"1 perc"},"schema":{"@context":"https:\/\/schema.org","@graph":[{"@type":"WebPage","@id":"https:\/\/tron.hu\/index.php\/modularitas\/","url":"https:\/\/tron.hu\/index.php\/modularitas\/","name":"Modularit\u00e1s - TRON Integr\u00e1lt V\u00e1llalatir\u00e1ny\u00edt\u00e1si Rendszer","isPartOf":{"@id":"https:\/\/tron.hu\/#website"},"primaryImageOfPage":{"@id":"https:\/\/tron.hu\/index.php\/modularitas\/#primaryimage"},"image":{"@id":"https:\/\/tron.hu\/index.php\/modularitas\/#primaryimage"},"thumbnailUrl":"https:\/\/tron.hu\/wp-content\/uploads\/2017\/04\/Modular_banner.png","datePublished":"2017-04-19T11:16:39+00:00","dateModified":"2018-01-23T09:11:49+00:00","breadcrumb":{"@id":"https:\/\/tron.hu\/index.php\/modularitas\/#breadcrumb"},"inLanguage":"hu","potentialAction":[{"@type":"ReadAction","target":["https:\/\/tron.hu\/index.php\/modularitas\/"]}]},{"@type":"ImageObject","inLanguage":"hu","@id":"https:\/\/tron.hu\/index.php\/modularitas\/#primaryimage","url":"https:\/\/tron.hu\/wp-content\/uploads\/2017\/04\/Modular_banner.png","contentUrl":"https:\/\/tron.hu\/wp-content\/uploads\/2017\/04\/Modular_banner.png","width":1123,"height":279},{"@type":"BreadcrumbList","@id":"https:\/\/tron.hu\/index.php\/modularitas\/#breadcrumb","itemListElement":[{"@type":"ListItem","position":1,"name":"Home","item":"https:\/\/tron.hu\/"},{"@type":"ListItem","position":2,"name":"Modularit\u00e1s"}]},{"@type":"WebSite","@id":"https:\/\/tron.hu\/#website","url":"https:\/\/tron.hu\/","name":"TRON Integr\u00e1lt V\u00e1llalatir\u00e1ny\u00edt\u00e1si Rendszer","description":"Inform\u00e1ci\u00f3, ir\u00e1ny\u00edt\u00e1s, ellen\u0151rz\u00e9s!","potentialAction":[{"@type":"SearchAction","target":{"@type":"EntryPoint","urlTemplate":"https:\/\/tron.hu\/?s={search_term_string}"},"query-input":"required name=search_term_string"}],"inLanguage":"hu"}]}},"post_mailing_queue_ids":[],"_links":{"self":[{"href":"https:\/\/tron.hu\/index.php\/wp-json\/wp\/v2\/pages\/321"}],"collection":[{"href":"https:\/\/tron.hu\/index.php\/wp-json\/wp\/v2\/pages"}],"about":[{"href":"https:\/\/tron.hu\/index.php\/wp-json\/wp\/v2\/types\/page"}],"author":[{"embeddable":true,"href":"https:\/\/tron.hu\/index.php\/wp-json\/wp\/v2\/users\/1"}],"replies":[{"embeddable":true,"href":"https:\/\/tron.hu\/index.php\/wp-json\/wp\/v2\/comments?post=321"}],"version-history":[{"count":8,"href":"https:\/\/tron.hu\/index.php\/wp-json\/wp\/v2\/pages\/321\/revisions"}],"predecessor-version":[{"id":401,"href":"https:\/\/tron.hu\/index.php\/wp-json\/wp\/v2\/pages\/321\/revisions\/401"}],"wp:featuredmedia":[{"embeddable":true,"href":"https:\/\/tron.hu\/index.php\/wp-json\/wp\/v2\/media\/320"}],"wp:attachment":[{"href":"https:\/\/tron.hu\/index.php\/wp-json\/wp\/v2\/media?parent=321"}],"curies":[{"name":"wp","href":"https:\/\/api.w.org\/{rel}","templated":true}]}}