{"id":306,"date":"2017-04-19T10:12:49","date_gmt":"2017-04-19T10:12:49","guid":{"rendered":"http:\/\/localhost\/tron\/?page_id=306"},"modified":"2018-01-23T09:08:58","modified_gmt":"2018-01-23T09:08:58","slug":"megbizhatosag-biztonsag","status":"publish","type":"page","link":"https:\/\/tron.hu\/index.php\/megbizhatosag-biztonsag\/","title":{"rendered":"Megb\u00edzhat\u00f3s\u00e1g, biztons\u00e1g"},"content":{"rendered":"<p>A ny\u00edlt forr\u00e1sk\u00f3d\u00fa szoftver jellemz\u0151je, hogy a licenc birtokosa el\u00e9rhet\u0151v\u00e9 teszi szoftver forr\u00e1sk\u00f3dj\u00e1t, \u00edgy az szabadon hozz\u00e1f\u00e9rhet\u0151, ellen\u0151rizhet\u0151 lesz. A ny\u00edlt forr\u00e1sk\u00f3d\u00fa szoftver ny\u00edlt szabv\u00e1nyokra \u00e9p\u00fcl ez\u00e9rt az ilyen rendszerek \u00e9s elemeik egym\u00e1ssal integr\u00e1lhat\u00f3k, a komponensek szabadon felcser\u00e9lhet\u0151k, az ilyen beruh\u00e1z\u00e1s hossz\u00fat\u00e1von sem vesz\u00edti el \u00e9rt\u00e9k\u00e9t.<\/p>\n<p>A <strong>TRON IVR<\/strong> ilyen ny\u00edlt szabv\u00e1nyokra \u00e9p\u00fcl\u0151, ny\u00edlt forr\u00e1sk\u00f3d\u00fa k\u00f6rnyezetet haszn\u00e1l\u00f3 v\u00e1llalatir\u00e1ny\u00edt\u00e1si rendszer, amely megb\u00edzhat\u00f3an a h\u00e9t 7 napj\u00e1n \u00e9s a nap 24 \u00f3r\u00e1j\u00e1ban a rendelkez\u00e9s\u00e9re \u00e1ll.<\/p>\n<p>A <strong>TRON IVR<\/strong> felhaszn\u00e1l\u00e1si k\u00f6rnyezete biztons\u00e1gos, v\u00edrusokt\u00f3l vagy m\u00e1s \u00e1rt\u00f3 sz\u00e1nd\u00e9k\u00fa szoftverekt\u0151l a legkev\u00e9sb\u00e9 fert\u0151z\u00f6tt, friss\u00edt\u00e9se folyamatos, ez\u00e9rt adatai mindig biztons\u00e1gban lesznek.<\/p>\n<p>&nbsp;<\/p>\n","protected":false},"excerpt":{"rendered":"<p>A ny\u00edlt forr\u00e1sk\u00f3d\u00fa szoftver jellemz\u0151je, hogy a licenc birtokosa el\u00e9rhet\u0151v\u00e9 teszi szoftver forr\u00e1sk\u00f3dj\u00e1t, \u00edgy az szabadon hozz\u00e1f\u00e9rhet\u0151, ellen\u0151rizhet\u0151 lesz. A ny\u00edlt forr\u00e1sk\u00f3d\u00fa szoftver ny\u00edlt szabv\u00e1nyokra \u00e9p\u00fcl ez\u00e9rt az ilyen rendszerek \u00e9s elemeik egym\u00e1ssal integr\u00e1lhat\u00f3k, a komponensek szabadon felcser\u00e9lhet\u0151k, az ilyen beruh\u00e1z\u00e1s hossz\u00fat\u00e1von sem vesz\u00edti el \u00e9rt\u00e9k\u00e9t. A TRON IVR ilyen ny\u00edlt szabv\u00e1nyokra \u00e9p\u00fcl\u0151, ny\u00edlt forr\u00e1sk\u00f3d\u00fa [&hellip;]<\/p>\n","protected":false},"author":1,"featured_media":304,"parent":0,"menu_order":0,"comment_status":"closed","ping_status":"closed","template":"","meta":{"footnotes":""},"yoast_head":"<!-- This site is optimized with the Yoast SEO plugin v22.4 - https:\/\/yoast.com\/wordpress\/plugins\/seo\/ -->\n<title>Megb\u00edzhat\u00f3s\u00e1g, biztons\u00e1g - TRON Integr\u00e1lt V\u00e1llalatir\u00e1ny\u00edt\u00e1si Rendszer<\/title>\n<meta name=\"robots\" content=\"index, follow, max-snippet:-1, max-image-preview:large, max-video-preview:-1\" \/>\n<link rel=\"canonical\" href=\"https:\/\/tron.hu\/index.php\/megbizhatosag-biztonsag\/\" \/>\n<meta property=\"og:locale\" content=\"hu_HU\" \/>\n<meta property=\"og:type\" content=\"article\" \/>\n<meta property=\"og:title\" content=\"Megb\u00edzhat\u00f3s\u00e1g, biztons\u00e1g - TRON Integr\u00e1lt V\u00e1llalatir\u00e1ny\u00edt\u00e1si Rendszer\" \/>\n<meta property=\"og:description\" content=\"A ny\u00edlt forr\u00e1sk\u00f3d\u00fa szoftver jellemz\u0151je, hogy a licenc birtokosa el\u00e9rhet\u0151v\u00e9 teszi szoftver forr\u00e1sk\u00f3dj\u00e1t, \u00edgy az szabadon hozz\u00e1f\u00e9rhet\u0151, ellen\u0151rizhet\u0151 lesz. A ny\u00edlt forr\u00e1sk\u00f3d\u00fa szoftver ny\u00edlt szabv\u00e1nyokra \u00e9p\u00fcl ez\u00e9rt az ilyen rendszerek \u00e9s elemeik egym\u00e1ssal integr\u00e1lhat\u00f3k, a komponensek szabadon felcser\u00e9lhet\u0151k, az ilyen beruh\u00e1z\u00e1s hossz\u00fat\u00e1von sem vesz\u00edti el \u00e9rt\u00e9k\u00e9t. A TRON IVR ilyen ny\u00edlt szabv\u00e1nyokra \u00e9p\u00fcl\u0151, ny\u00edlt forr\u00e1sk\u00f3d\u00fa [&hellip;]\" \/>\n<meta property=\"og:url\" content=\"https:\/\/tron.hu\/index.php\/megbizhatosag-biztonsag\/\" \/>\n<meta property=\"og:site_name\" content=\"TRON Integr\u00e1lt V\u00e1llalatir\u00e1ny\u00edt\u00e1si Rendszer\" \/>\n<meta property=\"article:modified_time\" content=\"2018-01-23T09:08:58+00:00\" \/>\n<meta property=\"og:image\" content=\"https:\/\/tron.hu\/wp-content\/uploads\/2017\/04\/cyber-security-banner.jpg\" \/>\n\t<meta property=\"og:image:width\" content=\"1000\" \/>\n\t<meta property=\"og:image:height\" content=\"350\" \/>\n\t<meta property=\"og:image:type\" content=\"image\/jpeg\" \/>\n<meta name=\"twitter:card\" content=\"summary_large_image\" \/>\n<meta name=\"twitter:label1\" content=\"Becs\u00fclt olvas\u00e1si id\u0151\" \/>\n\t<meta name=\"twitter:data1\" content=\"1 perc\" \/>\n<script type=\"application\/ld+json\" class=\"yoast-schema-graph\">{\"@context\":\"https:\/\/schema.org\",\"@graph\":[{\"@type\":\"WebPage\",\"@id\":\"https:\/\/tron.hu\/index.php\/megbizhatosag-biztonsag\/\",\"url\":\"https:\/\/tron.hu\/index.php\/megbizhatosag-biztonsag\/\",\"name\":\"Megb\u00edzhat\u00f3s\u00e1g, biztons\u00e1g - TRON Integr\u00e1lt V\u00e1llalatir\u00e1ny\u00edt\u00e1si Rendszer\",\"isPartOf\":{\"@id\":\"https:\/\/tron.hu\/#website\"},\"primaryImageOfPage\":{\"@id\":\"https:\/\/tron.hu\/index.php\/megbizhatosag-biztonsag\/#primaryimage\"},\"image\":{\"@id\":\"https:\/\/tron.hu\/index.php\/megbizhatosag-biztonsag\/#primaryimage\"},\"thumbnailUrl\":\"https:\/\/tron.hu\/wp-content\/uploads\/2017\/04\/cyber-security-banner.jpg\",\"datePublished\":\"2017-04-19T10:12:49+00:00\",\"dateModified\":\"2018-01-23T09:08:58+00:00\",\"breadcrumb\":{\"@id\":\"https:\/\/tron.hu\/index.php\/megbizhatosag-biztonsag\/#breadcrumb\"},\"inLanguage\":\"hu\",\"potentialAction\":[{\"@type\":\"ReadAction\",\"target\":[\"https:\/\/tron.hu\/index.php\/megbizhatosag-biztonsag\/\"]}]},{\"@type\":\"ImageObject\",\"inLanguage\":\"hu\",\"@id\":\"https:\/\/tron.hu\/index.php\/megbizhatosag-biztonsag\/#primaryimage\",\"url\":\"https:\/\/tron.hu\/wp-content\/uploads\/2017\/04\/cyber-security-banner.jpg\",\"contentUrl\":\"https:\/\/tron.hu\/wp-content\/uploads\/2017\/04\/cyber-security-banner.jpg\",\"width\":1000,\"height\":350},{\"@type\":\"BreadcrumbList\",\"@id\":\"https:\/\/tron.hu\/index.php\/megbizhatosag-biztonsag\/#breadcrumb\",\"itemListElement\":[{\"@type\":\"ListItem\",\"position\":1,\"name\":\"Home\",\"item\":\"https:\/\/tron.hu\/\"},{\"@type\":\"ListItem\",\"position\":2,\"name\":\"Megb\u00edzhat\u00f3s\u00e1g, biztons\u00e1g\"}]},{\"@type\":\"WebSite\",\"@id\":\"https:\/\/tron.hu\/#website\",\"url\":\"https:\/\/tron.hu\/\",\"name\":\"TRON Integr\u00e1lt V\u00e1llalatir\u00e1ny\u00edt\u00e1si Rendszer\",\"description\":\"Inform\u00e1ci\u00f3, ir\u00e1ny\u00edt\u00e1s, ellen\u0151rz\u00e9s!\",\"potentialAction\":[{\"@type\":\"SearchAction\",\"target\":{\"@type\":\"EntryPoint\",\"urlTemplate\":\"https:\/\/tron.hu\/?s={search_term_string}\"},\"query-input\":\"required name=search_term_string\"}],\"inLanguage\":\"hu\"}]}<\/script>\n<!-- \/ Yoast SEO plugin. -->","yoast_head_json":{"title":"Megb\u00edzhat\u00f3s\u00e1g, biztons\u00e1g - TRON Integr\u00e1lt V\u00e1llalatir\u00e1ny\u00edt\u00e1si Rendszer","robots":{"index":"index","follow":"follow","max-snippet":"max-snippet:-1","max-image-preview":"max-image-preview:large","max-video-preview":"max-video-preview:-1"},"canonical":"https:\/\/tron.hu\/index.php\/megbizhatosag-biztonsag\/","og_locale":"hu_HU","og_type":"article","og_title":"Megb\u00edzhat\u00f3s\u00e1g, biztons\u00e1g - TRON Integr\u00e1lt V\u00e1llalatir\u00e1ny\u00edt\u00e1si Rendszer","og_description":"A ny\u00edlt forr\u00e1sk\u00f3d\u00fa szoftver jellemz\u0151je, hogy a licenc birtokosa el\u00e9rhet\u0151v\u00e9 teszi szoftver forr\u00e1sk\u00f3dj\u00e1t, \u00edgy az szabadon hozz\u00e1f\u00e9rhet\u0151, ellen\u0151rizhet\u0151 lesz. A ny\u00edlt forr\u00e1sk\u00f3d\u00fa szoftver ny\u00edlt szabv\u00e1nyokra \u00e9p\u00fcl ez\u00e9rt az ilyen rendszerek \u00e9s elemeik egym\u00e1ssal integr\u00e1lhat\u00f3k, a komponensek szabadon felcser\u00e9lhet\u0151k, az ilyen beruh\u00e1z\u00e1s hossz\u00fat\u00e1von sem vesz\u00edti el \u00e9rt\u00e9k\u00e9t. A TRON IVR ilyen ny\u00edlt szabv\u00e1nyokra \u00e9p\u00fcl\u0151, ny\u00edlt forr\u00e1sk\u00f3d\u00fa [&hellip;]","og_url":"https:\/\/tron.hu\/index.php\/megbizhatosag-biztonsag\/","og_site_name":"TRON Integr\u00e1lt V\u00e1llalatir\u00e1ny\u00edt\u00e1si Rendszer","article_modified_time":"2018-01-23T09:08:58+00:00","og_image":[{"width":1000,"height":350,"url":"https:\/\/tron.hu\/wp-content\/uploads\/2017\/04\/cyber-security-banner.jpg","type":"image\/jpeg"}],"twitter_card":"summary_large_image","twitter_misc":{"Becs\u00fclt olvas\u00e1si id\u0151":"1 perc"},"schema":{"@context":"https:\/\/schema.org","@graph":[{"@type":"WebPage","@id":"https:\/\/tron.hu\/index.php\/megbizhatosag-biztonsag\/","url":"https:\/\/tron.hu\/index.php\/megbizhatosag-biztonsag\/","name":"Megb\u00edzhat\u00f3s\u00e1g, biztons\u00e1g - TRON Integr\u00e1lt V\u00e1llalatir\u00e1ny\u00edt\u00e1si Rendszer","isPartOf":{"@id":"https:\/\/tron.hu\/#website"},"primaryImageOfPage":{"@id":"https:\/\/tron.hu\/index.php\/megbizhatosag-biztonsag\/#primaryimage"},"image":{"@id":"https:\/\/tron.hu\/index.php\/megbizhatosag-biztonsag\/#primaryimage"},"thumbnailUrl":"https:\/\/tron.hu\/wp-content\/uploads\/2017\/04\/cyber-security-banner.jpg","datePublished":"2017-04-19T10:12:49+00:00","dateModified":"2018-01-23T09:08:58+00:00","breadcrumb":{"@id":"https:\/\/tron.hu\/index.php\/megbizhatosag-biztonsag\/#breadcrumb"},"inLanguage":"hu","potentialAction":[{"@type":"ReadAction","target":["https:\/\/tron.hu\/index.php\/megbizhatosag-biztonsag\/"]}]},{"@type":"ImageObject","inLanguage":"hu","@id":"https:\/\/tron.hu\/index.php\/megbizhatosag-biztonsag\/#primaryimage","url":"https:\/\/tron.hu\/wp-content\/uploads\/2017\/04\/cyber-security-banner.jpg","contentUrl":"https:\/\/tron.hu\/wp-content\/uploads\/2017\/04\/cyber-security-banner.jpg","width":1000,"height":350},{"@type":"BreadcrumbList","@id":"https:\/\/tron.hu\/index.php\/megbizhatosag-biztonsag\/#breadcrumb","itemListElement":[{"@type":"ListItem","position":1,"name":"Home","item":"https:\/\/tron.hu\/"},{"@type":"ListItem","position":2,"name":"Megb\u00edzhat\u00f3s\u00e1g, biztons\u00e1g"}]},{"@type":"WebSite","@id":"https:\/\/tron.hu\/#website","url":"https:\/\/tron.hu\/","name":"TRON Integr\u00e1lt V\u00e1llalatir\u00e1ny\u00edt\u00e1si Rendszer","description":"Inform\u00e1ci\u00f3, ir\u00e1ny\u00edt\u00e1s, ellen\u0151rz\u00e9s!","potentialAction":[{"@type":"SearchAction","target":{"@type":"EntryPoint","urlTemplate":"https:\/\/tron.hu\/?s={search_term_string}"},"query-input":"required name=search_term_string"}],"inLanguage":"hu"}]}},"post_mailing_queue_ids":[],"_links":{"self":[{"href":"https:\/\/tron.hu\/index.php\/wp-json\/wp\/v2\/pages\/306"}],"collection":[{"href":"https:\/\/tron.hu\/index.php\/wp-json\/wp\/v2\/pages"}],"about":[{"href":"https:\/\/tron.hu\/index.php\/wp-json\/wp\/v2\/types\/page"}],"author":[{"embeddable":true,"href":"https:\/\/tron.hu\/index.php\/wp-json\/wp\/v2\/users\/1"}],"replies":[{"embeddable":true,"href":"https:\/\/tron.hu\/index.php\/wp-json\/wp\/v2\/comments?post=306"}],"version-history":[{"count":5,"href":"https:\/\/tron.hu\/index.php\/wp-json\/wp\/v2\/pages\/306\/revisions"}],"predecessor-version":[{"id":400,"href":"https:\/\/tron.hu\/index.php\/wp-json\/wp\/v2\/pages\/306\/revisions\/400"}],"wp:featuredmedia":[{"embeddable":true,"href":"https:\/\/tron.hu\/index.php\/wp-json\/wp\/v2\/media\/304"}],"wp:attachment":[{"href":"https:\/\/tron.hu\/index.php\/wp-json\/wp\/v2\/media?parent=306"}],"curies":[{"name":"wp","href":"https:\/\/api.w.org\/{rel}","templated":true}]}}