{"id":2,"date":"2016-02-25T16:46:50","date_gmt":"2016-02-25T16:46:50","guid":{"rendered":"http:\/\/localhost\/tron\/?page_id=2"},"modified":"2017-03-09T14:25:21","modified_gmt":"2017-03-09T14:25:21","slug":"main-page","status":"publish","type":"page","link":"https:\/\/tron.hu\/","title":{"rendered":"Kezd\u0151 oldal"},"content":{"rendered":"","protected":false},"excerpt":{"rendered":"","protected":false},"author":1,"featured_media":0,"parent":0,"menu_order":0,"comment_status":"closed","ping_status":"closed","template":"","meta":{"footnotes":""},"yoast_head":"<!-- This site is optimized with the Yoast SEO plugin v22.4 - https:\/\/yoast.com\/wordpress\/plugins\/seo\/ -->\n<title>Kezd\u0151 oldal - TRON Integr\u00e1lt V\u00e1llalatir\u00e1ny\u00edt\u00e1si Rendszer<\/title>\n<meta name=\"robots\" content=\"index, follow, max-snippet:-1, max-image-preview:large, max-video-preview:-1\" \/>\n<link rel=\"canonical\" href=\"https:\/\/tron.hu\/\" \/>\n<meta property=\"og:locale\" content=\"hu_HU\" \/>\n<meta property=\"og:type\" content=\"article\" \/>\n<meta property=\"og:title\" content=\"Kezd\u0151 oldal - TRON Integr\u00e1lt V\u00e1llalatir\u00e1ny\u00edt\u00e1si Rendszer\" \/>\n<meta property=\"og:url\" content=\"https:\/\/tron.hu\/\" \/>\n<meta property=\"og:site_name\" content=\"TRON Integr\u00e1lt V\u00e1llalatir\u00e1ny\u00edt\u00e1si Rendszer\" \/>\n<meta property=\"article:modified_time\" content=\"2017-03-09T14:25:21+00:00\" \/>\n<meta name=\"twitter:card\" content=\"summary_large_image\" \/>\n<script type=\"application\/ld+json\" class=\"yoast-schema-graph\">{\"@context\":\"https:\/\/schema.org\",\"@graph\":[{\"@type\":\"WebPage\",\"@id\":\"https:\/\/tron.hu\/\",\"url\":\"https:\/\/tron.hu\/\",\"name\":\"Kezd\u0151 oldal - TRON Integr\u00e1lt V\u00e1llalatir\u00e1ny\u00edt\u00e1si Rendszer\",\"isPartOf\":{\"@id\":\"https:\/\/tron.hu\/#website\"},\"datePublished\":\"2016-02-25T16:46:50+00:00\",\"dateModified\":\"2017-03-09T14:25:21+00:00\",\"breadcrumb\":{\"@id\":\"https:\/\/tron.hu\/#breadcrumb\"},\"inLanguage\":\"hu\",\"potentialAction\":[{\"@type\":\"ReadAction\",\"target\":[\"https:\/\/tron.hu\/\"]}]},{\"@type\":\"BreadcrumbList\",\"@id\":\"https:\/\/tron.hu\/#breadcrumb\",\"itemListElement\":[{\"@type\":\"ListItem\",\"position\":1,\"name\":\"Home\",\"item\":\"https:\/\/tron.hu\/\"},{\"@type\":\"ListItem\",\"position\":2,\"name\":\"Kezd\u0151 oldal\"}]},{\"@type\":\"WebSite\",\"@id\":\"https:\/\/tron.hu\/#website\",\"url\":\"https:\/\/tron.hu\/\",\"name\":\"TRON Integr\u00e1lt V\u00e1llalatir\u00e1ny\u00edt\u00e1si Rendszer\",\"description\":\"Inform\u00e1ci\u00f3, ir\u00e1ny\u00edt\u00e1s, ellen\u0151rz\u00e9s!\",\"potentialAction\":[{\"@type\":\"SearchAction\",\"target\":{\"@type\":\"EntryPoint\",\"urlTemplate\":\"https:\/\/tron.hu\/?s={search_term_string}\"},\"query-input\":\"required name=search_term_string\"}],\"inLanguage\":\"hu\"}]}<\/script>\n<!-- \/ Yoast SEO plugin. -->","yoast_head_json":{"title":"Kezd\u0151 oldal - TRON Integr\u00e1lt V\u00e1llalatir\u00e1ny\u00edt\u00e1si Rendszer","robots":{"index":"index","follow":"follow","max-snippet":"max-snippet:-1","max-image-preview":"max-image-preview:large","max-video-preview":"max-video-preview:-1"},"canonical":"https:\/\/tron.hu\/","og_locale":"hu_HU","og_type":"article","og_title":"Kezd\u0151 oldal - TRON Integr\u00e1lt V\u00e1llalatir\u00e1ny\u00edt\u00e1si Rendszer","og_url":"https:\/\/tron.hu\/","og_site_name":"TRON Integr\u00e1lt V\u00e1llalatir\u00e1ny\u00edt\u00e1si Rendszer","article_modified_time":"2017-03-09T14:25:21+00:00","twitter_card":"summary_large_image","schema":{"@context":"https:\/\/schema.org","@graph":[{"@type":"WebPage","@id":"https:\/\/tron.hu\/","url":"https:\/\/tron.hu\/","name":"Kezd\u0151 oldal - TRON Integr\u00e1lt V\u00e1llalatir\u00e1ny\u00edt\u00e1si Rendszer","isPartOf":{"@id":"https:\/\/tron.hu\/#website"},"datePublished":"2016-02-25T16:46:50+00:00","dateModified":"2017-03-09T14:25:21+00:00","breadcrumb":{"@id":"https:\/\/tron.hu\/#breadcrumb"},"inLanguage":"hu","potentialAction":[{"@type":"ReadAction","target":["https:\/\/tron.hu\/"]}]},{"@type":"BreadcrumbList","@id":"https:\/\/tron.hu\/#breadcrumb","itemListElement":[{"@type":"ListItem","position":1,"name":"Home","item":"https:\/\/tron.hu\/"},{"@type":"ListItem","position":2,"name":"Kezd\u0151 oldal"}]},{"@type":"WebSite","@id":"https:\/\/tron.hu\/#website","url":"https:\/\/tron.hu\/","name":"TRON Integr\u00e1lt V\u00e1llalatir\u00e1ny\u00edt\u00e1si Rendszer","description":"Inform\u00e1ci\u00f3, ir\u00e1ny\u00edt\u00e1s, ellen\u0151rz\u00e9s!","potentialAction":[{"@type":"SearchAction","target":{"@type":"EntryPoint","urlTemplate":"https:\/\/tron.hu\/?s={search_term_string}"},"query-input":"required name=search_term_string"}],"inLanguage":"hu"}]}},"post_mailing_queue_ids":[],"_links":{"self":[{"href":"https:\/\/tron.hu\/index.php\/wp-json\/wp\/v2\/pages\/2"}],"collection":[{"href":"https:\/\/tron.hu\/index.php\/wp-json\/wp\/v2\/pages"}],"about":[{"href":"https:\/\/tron.hu\/index.php\/wp-json\/wp\/v2\/types\/page"}],"author":[{"embeddable":true,"href":"https:\/\/tron.hu\/index.php\/wp-json\/wp\/v2\/users\/1"}],"replies":[{"embeddable":true,"href":"https:\/\/tron.hu\/index.php\/wp-json\/wp\/v2\/comments?post=2"}],"version-history":[{"count":1,"href":"https:\/\/tron.hu\/index.php\/wp-json\/wp\/v2\/pages\/2\/revisions"}],"predecessor-version":[{"id":55,"href":"https:\/\/tron.hu\/index.php\/wp-json\/wp\/v2\/pages\/2\/revisions\/55"}],"wp:attachment":[{"href":"https:\/\/tron.hu\/index.php\/wp-json\/wp\/v2\/media?parent=2"}],"curies":[{"name":"wp","href":"https:\/\/api.w.org\/{rel}","templated":true}]}}