{"id":169,"date":"2017-03-09T15:15:47","date_gmt":"2017-03-09T15:15:47","guid":{"rendered":"http:\/\/localhost\/tron\/?page_id=169"},"modified":"2017-04-24T14:42:41","modified_gmt":"2017-04-24T14:42:41","slug":"termek-menedzsment","status":"publish","type":"page","link":"https:\/\/tron.hu\/index.php\/termek-menedzsment\/","title":{"rendered":"Term\u00e9k menedzsment"},"content":{"rendered":"","protected":false},"excerpt":{"rendered":"","protected":false},"author":1,"featured_media":368,"parent":0,"menu_order":0,"comment_status":"closed","ping_status":"closed","template":"","meta":{"footnotes":""},"yoast_head":"<!-- This site is optimized with the Yoast SEO plugin v22.4 - https:\/\/yoast.com\/wordpress\/plugins\/seo\/ -->\n<title>Term\u00e9k menedzsment - TRON Integr\u00e1lt V\u00e1llalatir\u00e1ny\u00edt\u00e1si Rendszer<\/title>\n<meta name=\"robots\" content=\"index, follow, max-snippet:-1, max-image-preview:large, max-video-preview:-1\" \/>\n<link rel=\"canonical\" href=\"https:\/\/tron.hu\/index.php\/termek-menedzsment\/\" \/>\n<meta property=\"og:locale\" content=\"hu_HU\" \/>\n<meta property=\"og:type\" content=\"article\" \/>\n<meta property=\"og:title\" content=\"Term\u00e9k menedzsment - TRON Integr\u00e1lt V\u00e1llalatir\u00e1ny\u00edt\u00e1si Rendszer\" \/>\n<meta property=\"og:url\" content=\"https:\/\/tron.hu\/index.php\/termek-menedzsment\/\" \/>\n<meta property=\"og:site_name\" content=\"TRON Integr\u00e1lt V\u00e1llalatir\u00e1ny\u00edt\u00e1si Rendszer\" \/>\n<meta property=\"article:modified_time\" content=\"2017-04-24T14:42:41+00:00\" \/>\n<meta property=\"og:image\" content=\"https:\/\/tron.hu\/wp-content\/uploads\/2017\/04\/coming-soon.png\" \/>\n\t<meta property=\"og:image:width\" content=\"1348\" \/>\n\t<meta property=\"og:image:height\" content=\"306\" \/>\n\t<meta property=\"og:image:type\" content=\"image\/png\" \/>\n<meta name=\"twitter:card\" content=\"summary_large_image\" \/>\n<script type=\"application\/ld+json\" class=\"yoast-schema-graph\">{\"@context\":\"https:\/\/schema.org\",\"@graph\":[{\"@type\":\"WebPage\",\"@id\":\"https:\/\/tron.hu\/index.php\/termek-menedzsment\/\",\"url\":\"https:\/\/tron.hu\/index.php\/termek-menedzsment\/\",\"name\":\"Term\u00e9k menedzsment - TRON Integr\u00e1lt V\u00e1llalatir\u00e1ny\u00edt\u00e1si Rendszer\",\"isPartOf\":{\"@id\":\"https:\/\/tron.hu\/#website\"},\"primaryImageOfPage\":{\"@id\":\"https:\/\/tron.hu\/index.php\/termek-menedzsment\/#primaryimage\"},\"image\":{\"@id\":\"https:\/\/tron.hu\/index.php\/termek-menedzsment\/#primaryimage\"},\"thumbnailUrl\":\"https:\/\/tron.hu\/wp-content\/uploads\/2017\/04\/coming-soon.png\",\"datePublished\":\"2017-03-09T15:15:47+00:00\",\"dateModified\":\"2017-04-24T14:42:41+00:00\",\"breadcrumb\":{\"@id\":\"https:\/\/tron.hu\/index.php\/termek-menedzsment\/#breadcrumb\"},\"inLanguage\":\"hu\",\"potentialAction\":[{\"@type\":\"ReadAction\",\"target\":[\"https:\/\/tron.hu\/index.php\/termek-menedzsment\/\"]}]},{\"@type\":\"ImageObject\",\"inLanguage\":\"hu\",\"@id\":\"https:\/\/tron.hu\/index.php\/termek-menedzsment\/#primaryimage\",\"url\":\"https:\/\/tron.hu\/wp-content\/uploads\/2017\/04\/coming-soon.png\",\"contentUrl\":\"https:\/\/tron.hu\/wp-content\/uploads\/2017\/04\/coming-soon.png\",\"width\":1348,\"height\":306},{\"@type\":\"BreadcrumbList\",\"@id\":\"https:\/\/tron.hu\/index.php\/termek-menedzsment\/#breadcrumb\",\"itemListElement\":[{\"@type\":\"ListItem\",\"position\":1,\"name\":\"Home\",\"item\":\"https:\/\/tron.hu\/\"},{\"@type\":\"ListItem\",\"position\":2,\"name\":\"Term\u00e9k menedzsment\"}]},{\"@type\":\"WebSite\",\"@id\":\"https:\/\/tron.hu\/#website\",\"url\":\"https:\/\/tron.hu\/\",\"name\":\"TRON Integr\u00e1lt V\u00e1llalatir\u00e1ny\u00edt\u00e1si Rendszer\",\"description\":\"Inform\u00e1ci\u00f3, ir\u00e1ny\u00edt\u00e1s, ellen\u0151rz\u00e9s!\",\"potentialAction\":[{\"@type\":\"SearchAction\",\"target\":{\"@type\":\"EntryPoint\",\"urlTemplate\":\"https:\/\/tron.hu\/?s={search_term_string}\"},\"query-input\":\"required name=search_term_string\"}],\"inLanguage\":\"hu\"}]}<\/script>\n<!-- \/ Yoast SEO plugin. -->","yoast_head_json":{"title":"Term\u00e9k menedzsment - TRON Integr\u00e1lt V\u00e1llalatir\u00e1ny\u00edt\u00e1si Rendszer","robots":{"index":"index","follow":"follow","max-snippet":"max-snippet:-1","max-image-preview":"max-image-preview:large","max-video-preview":"max-video-preview:-1"},"canonical":"https:\/\/tron.hu\/index.php\/termek-menedzsment\/","og_locale":"hu_HU","og_type":"article","og_title":"Term\u00e9k menedzsment - TRON Integr\u00e1lt V\u00e1llalatir\u00e1ny\u00edt\u00e1si Rendszer","og_url":"https:\/\/tron.hu\/index.php\/termek-menedzsment\/","og_site_name":"TRON Integr\u00e1lt V\u00e1llalatir\u00e1ny\u00edt\u00e1si Rendszer","article_modified_time":"2017-04-24T14:42:41+00:00","og_image":[{"width":1348,"height":306,"url":"https:\/\/tron.hu\/wp-content\/uploads\/2017\/04\/coming-soon.png","type":"image\/png"}],"twitter_card":"summary_large_image","schema":{"@context":"https:\/\/schema.org","@graph":[{"@type":"WebPage","@id":"https:\/\/tron.hu\/index.php\/termek-menedzsment\/","url":"https:\/\/tron.hu\/index.php\/termek-menedzsment\/","name":"Term\u00e9k menedzsment - TRON Integr\u00e1lt V\u00e1llalatir\u00e1ny\u00edt\u00e1si Rendszer","isPartOf":{"@id":"https:\/\/tron.hu\/#website"},"primaryImageOfPage":{"@id":"https:\/\/tron.hu\/index.php\/termek-menedzsment\/#primaryimage"},"image":{"@id":"https:\/\/tron.hu\/index.php\/termek-menedzsment\/#primaryimage"},"thumbnailUrl":"https:\/\/tron.hu\/wp-content\/uploads\/2017\/04\/coming-soon.png","datePublished":"2017-03-09T15:15:47+00:00","dateModified":"2017-04-24T14:42:41+00:00","breadcrumb":{"@id":"https:\/\/tron.hu\/index.php\/termek-menedzsment\/#breadcrumb"},"inLanguage":"hu","potentialAction":[{"@type":"ReadAction","target":["https:\/\/tron.hu\/index.php\/termek-menedzsment\/"]}]},{"@type":"ImageObject","inLanguage":"hu","@id":"https:\/\/tron.hu\/index.php\/termek-menedzsment\/#primaryimage","url":"https:\/\/tron.hu\/wp-content\/uploads\/2017\/04\/coming-soon.png","contentUrl":"https:\/\/tron.hu\/wp-content\/uploads\/2017\/04\/coming-soon.png","width":1348,"height":306},{"@type":"BreadcrumbList","@id":"https:\/\/tron.hu\/index.php\/termek-menedzsment\/#breadcrumb","itemListElement":[{"@type":"ListItem","position":1,"name":"Home","item":"https:\/\/tron.hu\/"},{"@type":"ListItem","position":2,"name":"Term\u00e9k menedzsment"}]},{"@type":"WebSite","@id":"https:\/\/tron.hu\/#website","url":"https:\/\/tron.hu\/","name":"TRON Integr\u00e1lt V\u00e1llalatir\u00e1ny\u00edt\u00e1si Rendszer","description":"Inform\u00e1ci\u00f3, ir\u00e1ny\u00edt\u00e1s, ellen\u0151rz\u00e9s!","potentialAction":[{"@type":"SearchAction","target":{"@type":"EntryPoint","urlTemplate":"https:\/\/tron.hu\/?s={search_term_string}"},"query-input":"required name=search_term_string"}],"inLanguage":"hu"}]}},"post_mailing_queue_ids":[],"_links":{"self":[{"href":"https:\/\/tron.hu\/index.php\/wp-json\/wp\/v2\/pages\/169"}],"collection":[{"href":"https:\/\/tron.hu\/index.php\/wp-json\/wp\/v2\/pages"}],"about":[{"href":"https:\/\/tron.hu\/index.php\/wp-json\/wp\/v2\/types\/page"}],"author":[{"embeddable":true,"href":"https:\/\/tron.hu\/index.php\/wp-json\/wp\/v2\/users\/1"}],"replies":[{"embeddable":true,"href":"https:\/\/tron.hu\/index.php\/wp-json\/wp\/v2\/comments?post=169"}],"version-history":[{"count":1,"href":"https:\/\/tron.hu\/index.php\/wp-json\/wp\/v2\/pages\/169\/revisions"}],"predecessor-version":[{"id":170,"href":"https:\/\/tron.hu\/index.php\/wp-json\/wp\/v2\/pages\/169\/revisions\/170"}],"wp:featuredmedia":[{"embeddable":true,"href":"https:\/\/tron.hu\/index.php\/wp-json\/wp\/v2\/media\/368"}],"wp:attachment":[{"href":"https:\/\/tron.hu\/index.php\/wp-json\/wp\/v2\/media?parent=169"}],"curies":[{"name":"wp","href":"https:\/\/api.w.org\/{rel}","templated":true}]}}