{"id":167,"date":"2017-03-09T15:15:33","date_gmt":"2017-03-09T15:15:33","guid":{"rendered":"http:\/\/localhost\/tron\/?page_id=167"},"modified":"2018-04-02T14:15:18","modified_gmt":"2018-04-02T14:15:18","slug":"ellatasi-lanc-menedzsment","status":"publish","type":"page","link":"https:\/\/tron.hu\/index.php\/ellatasi-lanc-menedzsment\/","title":{"rendered":"Ell\u00e1t\u00e1si l\u00e1nc menedzsment"},"content":{"rendered":"<p>A <strong>TRON IVR<\/strong> ell\u00e1t\u00e1si l\u00e1nc menedzsment moduljai szorosan egy\u00fcttm\u0171k\u00f6dve lehet\u0151v\u00e9 teszik az \u00d6n v\u00e1llalkoz\u00e1sa sz\u00e1m\u00e1ra, hogy az alapanyag beszerz\u00e9st\u0151l kezdve a gy\u00e1rt\u00e1son \u00e1t a v\u00e9gfelhaszn\u00e1l\u00f3ig terjed\u0151 folyamatait olyan m\u00e9rt\u00e9kben integr\u00e1lja, hogy ennek k\u00f6sz\u00f6nhet\u0151en tev\u00e9kenys\u00e9gei sor\u00e1n mind az \u00d6n mind az \u00d6n vev\u0151i, v\u00e9gfelhaszn\u00e1l\u00f3i r\u00e9sz\u00e9re kiemelt haszn\u00e1lati \u00e9rt\u00e9ket ny\u00fajt\u00f3 term\u00e9k, szolg\u00e1ltat\u00e1s \u00e9s inform\u00e1ci\u00f3 keletkezzen.<\/p>\n","protected":false},"excerpt":{"rendered":"<p>A TRON IVR ell\u00e1t\u00e1si l\u00e1nc menedzsment moduljai szorosan egy\u00fcttm\u0171k\u00f6dve lehet\u0151v\u00e9 teszik az \u00d6n v\u00e1llalkoz\u00e1sa sz\u00e1m\u00e1ra, hogy az alapanyag beszerz\u00e9st\u0151l kezdve a gy\u00e1rt\u00e1son \u00e1t a v\u00e9gfelhaszn\u00e1l\u00f3ig terjed\u0151 folyamatait olyan m\u00e9rt\u00e9kben integr\u00e1lja, hogy ennek k\u00f6sz\u00f6nhet\u0151en tev\u00e9kenys\u00e9gei sor\u00e1n mind az \u00d6n mind az \u00d6n vev\u0151i, v\u00e9gfelhaszn\u00e1l\u00f3i r\u00e9sz\u00e9re kiemelt haszn\u00e1lati \u00e9rt\u00e9ket ny\u00fajt\u00f3 term\u00e9k, szolg\u00e1ltat\u00e1s \u00e9s inform\u00e1ci\u00f3 keletkezzen.<\/p>\n","protected":false},"author":1,"featured_media":264,"parent":0,"menu_order":0,"comment_status":"closed","ping_status":"closed","template":"","meta":{"footnotes":""},"yoast_head":"<!-- This site is optimized with the Yoast SEO plugin v22.4 - https:\/\/yoast.com\/wordpress\/plugins\/seo\/ -->\n<title>Ell\u00e1t\u00e1si l\u00e1nc menedzsment - TRON Integr\u00e1lt V\u00e1llalatir\u00e1ny\u00edt\u00e1si Rendszer<\/title>\n<meta name=\"description\" content=\"A TRON IVR ell\u00e1t\u00e1si l\u00e1nc menedzsment moduljai t\u00e1mogatj\u00e1k tev\u00e9kenys\u00e9g\u00e9t a beszerz\u00e9st\u0151l a gy\u00e1rt\u00e1son \u00e1t eg\u00e9szen az \u00e9rt\u00e9kes\u00edt\u00e9sig.\" \/>\n<meta name=\"robots\" content=\"index, follow, max-snippet:-1, max-image-preview:large, max-video-preview:-1\" \/>\n<link rel=\"canonical\" href=\"https:\/\/tron.hu\/index.php\/ellatasi-lanc-menedzsment\/\" \/>\n<meta property=\"og:locale\" content=\"hu_HU\" \/>\n<meta property=\"og:type\" content=\"article\" \/>\n<meta property=\"og:title\" content=\"Ell\u00e1t\u00e1si l\u00e1nc menedzsment - TRON Integr\u00e1lt V\u00e1llalatir\u00e1ny\u00edt\u00e1si Rendszer\" \/>\n<meta property=\"og:description\" content=\"A TRON IVR ell\u00e1t\u00e1si l\u00e1nc menedzsment moduljai t\u00e1mogatj\u00e1k tev\u00e9kenys\u00e9g\u00e9t a beszerz\u00e9st\u0151l a gy\u00e1rt\u00e1son \u00e1t eg\u00e9szen az \u00e9rt\u00e9kes\u00edt\u00e9sig.\" \/>\n<meta property=\"og:url\" content=\"https:\/\/tron.hu\/index.php\/ellatasi-lanc-menedzsment\/\" \/>\n<meta property=\"og:site_name\" content=\"TRON Integr\u00e1lt V\u00e1llalatir\u00e1ny\u00edt\u00e1si Rendszer\" \/>\n<meta property=\"article:modified_time\" content=\"2018-04-02T14:15:18+00:00\" \/>\n<meta property=\"og:image\" content=\"https:\/\/tron.hu\/wp-content\/uploads\/2017\/03\/supplechainbanner.png\" \/>\n\t<meta property=\"og:image:width\" content=\"940\" \/>\n\t<meta property=\"og:image:height\" content=\"351\" \/>\n\t<meta property=\"og:image:type\" content=\"image\/png\" \/>\n<meta name=\"twitter:card\" content=\"summary_large_image\" \/>\n<script type=\"application\/ld+json\" class=\"yoast-schema-graph\">{\"@context\":\"https:\/\/schema.org\",\"@graph\":[{\"@type\":\"WebPage\",\"@id\":\"https:\/\/tron.hu\/index.php\/ellatasi-lanc-menedzsment\/\",\"url\":\"https:\/\/tron.hu\/index.php\/ellatasi-lanc-menedzsment\/\",\"name\":\"Ell\u00e1t\u00e1si l\u00e1nc menedzsment - TRON Integr\u00e1lt V\u00e1llalatir\u00e1ny\u00edt\u00e1si Rendszer\",\"isPartOf\":{\"@id\":\"https:\/\/tron.hu\/#website\"},\"primaryImageOfPage\":{\"@id\":\"https:\/\/tron.hu\/index.php\/ellatasi-lanc-menedzsment\/#primaryimage\"},\"image\":{\"@id\":\"https:\/\/tron.hu\/index.php\/ellatasi-lanc-menedzsment\/#primaryimage\"},\"thumbnailUrl\":\"https:\/\/tron.hu\/wp-content\/uploads\/2017\/03\/supplechainbanner.png\",\"datePublished\":\"2017-03-09T15:15:33+00:00\",\"dateModified\":\"2018-04-02T14:15:18+00:00\",\"description\":\"A TRON IVR ell\u00e1t\u00e1si l\u00e1nc menedzsment moduljai t\u00e1mogatj\u00e1k tev\u00e9kenys\u00e9g\u00e9t a beszerz\u00e9st\u0151l a gy\u00e1rt\u00e1son \u00e1t eg\u00e9szen az \u00e9rt\u00e9kes\u00edt\u00e9sig.\",\"breadcrumb\":{\"@id\":\"https:\/\/tron.hu\/index.php\/ellatasi-lanc-menedzsment\/#breadcrumb\"},\"inLanguage\":\"hu\",\"potentialAction\":[{\"@type\":\"ReadAction\",\"target\":[\"https:\/\/tron.hu\/index.php\/ellatasi-lanc-menedzsment\/\"]}]},{\"@type\":\"ImageObject\",\"inLanguage\":\"hu\",\"@id\":\"https:\/\/tron.hu\/index.php\/ellatasi-lanc-menedzsment\/#primaryimage\",\"url\":\"https:\/\/tron.hu\/wp-content\/uploads\/2017\/03\/supplechainbanner.png\",\"contentUrl\":\"https:\/\/tron.hu\/wp-content\/uploads\/2017\/03\/supplechainbanner.png\",\"width\":940,\"height\":351,\"caption\":\"Ell\u00e1t\u00e1si l\u00e1nc menedzsment\"},{\"@type\":\"BreadcrumbList\",\"@id\":\"https:\/\/tron.hu\/index.php\/ellatasi-lanc-menedzsment\/#breadcrumb\",\"itemListElement\":[{\"@type\":\"ListItem\",\"position\":1,\"name\":\"Home\",\"item\":\"https:\/\/tron.hu\/\"},{\"@type\":\"ListItem\",\"position\":2,\"name\":\"Ell\u00e1t\u00e1si l\u00e1nc menedzsment\"}]},{\"@type\":\"WebSite\",\"@id\":\"https:\/\/tron.hu\/#website\",\"url\":\"https:\/\/tron.hu\/\",\"name\":\"TRON Integr\u00e1lt V\u00e1llalatir\u00e1ny\u00edt\u00e1si Rendszer\",\"description\":\"Inform\u00e1ci\u00f3, ir\u00e1ny\u00edt\u00e1s, ellen\u0151rz\u00e9s!\",\"potentialAction\":[{\"@type\":\"SearchAction\",\"target\":{\"@type\":\"EntryPoint\",\"urlTemplate\":\"https:\/\/tron.hu\/?s={search_term_string}\"},\"query-input\":\"required name=search_term_string\"}],\"inLanguage\":\"hu\"}]}<\/script>\n<!-- \/ Yoast SEO plugin. -->","yoast_head_json":{"title":"Ell\u00e1t\u00e1si l\u00e1nc menedzsment - TRON Integr\u00e1lt V\u00e1llalatir\u00e1ny\u00edt\u00e1si Rendszer","description":"A TRON IVR ell\u00e1t\u00e1si l\u00e1nc menedzsment moduljai t\u00e1mogatj\u00e1k tev\u00e9kenys\u00e9g\u00e9t a beszerz\u00e9st\u0151l a gy\u00e1rt\u00e1son \u00e1t eg\u00e9szen az \u00e9rt\u00e9kes\u00edt\u00e9sig.","robots":{"index":"index","follow":"follow","max-snippet":"max-snippet:-1","max-image-preview":"max-image-preview:large","max-video-preview":"max-video-preview:-1"},"canonical":"https:\/\/tron.hu\/index.php\/ellatasi-lanc-menedzsment\/","og_locale":"hu_HU","og_type":"article","og_title":"Ell\u00e1t\u00e1si l\u00e1nc menedzsment - TRON Integr\u00e1lt V\u00e1llalatir\u00e1ny\u00edt\u00e1si Rendszer","og_description":"A TRON IVR ell\u00e1t\u00e1si l\u00e1nc menedzsment moduljai t\u00e1mogatj\u00e1k tev\u00e9kenys\u00e9g\u00e9t a beszerz\u00e9st\u0151l a gy\u00e1rt\u00e1son \u00e1t eg\u00e9szen az \u00e9rt\u00e9kes\u00edt\u00e9sig.","og_url":"https:\/\/tron.hu\/index.php\/ellatasi-lanc-menedzsment\/","og_site_name":"TRON Integr\u00e1lt V\u00e1llalatir\u00e1ny\u00edt\u00e1si Rendszer","article_modified_time":"2018-04-02T14:15:18+00:00","og_image":[{"width":940,"height":351,"url":"https:\/\/tron.hu\/wp-content\/uploads\/2017\/03\/supplechainbanner.png","type":"image\/png"}],"twitter_card":"summary_large_image","schema":{"@context":"https:\/\/schema.org","@graph":[{"@type":"WebPage","@id":"https:\/\/tron.hu\/index.php\/ellatasi-lanc-menedzsment\/","url":"https:\/\/tron.hu\/index.php\/ellatasi-lanc-menedzsment\/","name":"Ell\u00e1t\u00e1si l\u00e1nc menedzsment - TRON Integr\u00e1lt V\u00e1llalatir\u00e1ny\u00edt\u00e1si Rendszer","isPartOf":{"@id":"https:\/\/tron.hu\/#website"},"primaryImageOfPage":{"@id":"https:\/\/tron.hu\/index.php\/ellatasi-lanc-menedzsment\/#primaryimage"},"image":{"@id":"https:\/\/tron.hu\/index.php\/ellatasi-lanc-menedzsment\/#primaryimage"},"thumbnailUrl":"https:\/\/tron.hu\/wp-content\/uploads\/2017\/03\/supplechainbanner.png","datePublished":"2017-03-09T15:15:33+00:00","dateModified":"2018-04-02T14:15:18+00:00","description":"A TRON IVR ell\u00e1t\u00e1si l\u00e1nc menedzsment moduljai t\u00e1mogatj\u00e1k tev\u00e9kenys\u00e9g\u00e9t a beszerz\u00e9st\u0151l a gy\u00e1rt\u00e1son \u00e1t eg\u00e9szen az \u00e9rt\u00e9kes\u00edt\u00e9sig.","breadcrumb":{"@id":"https:\/\/tron.hu\/index.php\/ellatasi-lanc-menedzsment\/#breadcrumb"},"inLanguage":"hu","potentialAction":[{"@type":"ReadAction","target":["https:\/\/tron.hu\/index.php\/ellatasi-lanc-menedzsment\/"]}]},{"@type":"ImageObject","inLanguage":"hu","@id":"https:\/\/tron.hu\/index.php\/ellatasi-lanc-menedzsment\/#primaryimage","url":"https:\/\/tron.hu\/wp-content\/uploads\/2017\/03\/supplechainbanner.png","contentUrl":"https:\/\/tron.hu\/wp-content\/uploads\/2017\/03\/supplechainbanner.png","width":940,"height":351,"caption":"Ell\u00e1t\u00e1si l\u00e1nc menedzsment"},{"@type":"BreadcrumbList","@id":"https:\/\/tron.hu\/index.php\/ellatasi-lanc-menedzsment\/#breadcrumb","itemListElement":[{"@type":"ListItem","position":1,"name":"Home","item":"https:\/\/tron.hu\/"},{"@type":"ListItem","position":2,"name":"Ell\u00e1t\u00e1si l\u00e1nc menedzsment"}]},{"@type":"WebSite","@id":"https:\/\/tron.hu\/#website","url":"https:\/\/tron.hu\/","name":"TRON Integr\u00e1lt V\u00e1llalatir\u00e1ny\u00edt\u00e1si Rendszer","description":"Inform\u00e1ci\u00f3, ir\u00e1ny\u00edt\u00e1s, ellen\u0151rz\u00e9s!","potentialAction":[{"@type":"SearchAction","target":{"@type":"EntryPoint","urlTemplate":"https:\/\/tron.hu\/?s={search_term_string}"},"query-input":"required name=search_term_string"}],"inLanguage":"hu"}]}},"post_mailing_queue_ids":[],"_links":{"self":[{"href":"https:\/\/tron.hu\/index.php\/wp-json\/wp\/v2\/pages\/167"}],"collection":[{"href":"https:\/\/tron.hu\/index.php\/wp-json\/wp\/v2\/pages"}],"about":[{"href":"https:\/\/tron.hu\/index.php\/wp-json\/wp\/v2\/types\/page"}],"author":[{"embeddable":true,"href":"https:\/\/tron.hu\/index.php\/wp-json\/wp\/v2\/users\/1"}],"replies":[{"embeddable":true,"href":"https:\/\/tron.hu\/index.php\/wp-json\/wp\/v2\/comments?post=167"}],"version-history":[{"count":4,"href":"https:\/\/tron.hu\/index.php\/wp-json\/wp\/v2\/pages\/167\/revisions"}],"predecessor-version":[{"id":423,"href":"https:\/\/tron.hu\/index.php\/wp-json\/wp\/v2\/pages\/167\/revisions\/423"}],"wp:featuredmedia":[{"embeddable":true,"href":"https:\/\/tron.hu\/index.php\/wp-json\/wp\/v2\/media\/264"}],"wp:attachment":[{"href":"https:\/\/tron.hu\/index.php\/wp-json\/wp\/v2\/media?parent=167"}],"curies":[{"name":"wp","href":"https:\/\/api.w.org\/{rel}","templated":true}]}}